{"id":11,"date":"2021-02-10T02:33:27","date_gmt":"2021-02-10T02:33:27","guid":{"rendered":"http:\/\/sw-themes.com\/porto_dummy\/?page_id=11"},"modified":"2024-08-17T07:29:40","modified_gmt":"2024-08-17T07:29:40","slug":"hakkimizda","status":"publish","type":"page","link":"https:\/\/www.bomsmakine.com\/ar\/hakkimizda\/","title":{"rendered":"\u0639\u0646\u0627"},"content":{"rendered":"<section class=\"wpb-content-wrapper\"><div class=\"vc_row wpb_row top-row porto-inner-container\"><div class=\"porto-wrap-container container\"><div class=\"row\"><div class=\"vc_column_container col-md-6\"><div class=\"wpb_wrapper vc_column-inner\">\n\t<div class=\"wpb_text_column wpb_content_element\" >\n\t\t<div class=\"wpb_wrapper\">\n\t\t\t<div class=\"wpb_text_column wpb_content_element\">\n<div class=\"wpb_wrapper\">\n<p><strong>\u0622\u0644\u0629 Boms<\/strong>, \u062a\u0646\u0638\u064a\u0641 \u0627\u0644\u0633\u062c\u0627\u062f, \u0648 \u0644\u062f\u064a\u0646\u0627 \u0641\u0631\u064a\u0642 \u0645\u0646 \u0627\u0644\u0645\u062a\u062e\u0635\u0635\u064a\u0646 \u0641\u064a \u0647\u0630\u0647 \u0627\u0644\u0635\u0646\u0627\u0639\u0629 \u0645\u0639 \u0627\u0644\u0645\u0648\u0638\u0641\u064a\u0646 \u0630\u0648\u064a \u0627\u0644\u062e\u0628\u0631\u0629 \u0644\u062f\u064a\u0646\u0627 \u060c \u0645\u0639\u062f\u0627\u062a \u0627\u0644\u062a\u0643\u0646\u0648\u0644\u0648\u062c\u064a\u0627 \u0627\u0644\u0641\u0627\u0626\u0642\u0629 \u0648 \u062a\u0648\u0644\u0649 \u0645\u0647\u0645\u0629 \u0625\u0646\u062a\u0627\u062c \u0622\u0644\u0627\u062a \u062a\u0646\u0638\u064a\u0641 \u0627\u0644\u0633\u062c\u0627\u062f. \u0627\u0644\u062c\u0648\u062f\u0629 \u0641\u064a \u0635\u0646\u0627\u0639\u0629 \u0627\u0644\u062d\u0644\u0648\u0644 \u0627\u0644\u062e\u062f\u0645\u0629 \u0639\u0646 \u0637\u0631\u064a\u0642 \u062a\u062d\u062f\u064a\u062f \u0627\u0644\u0623\u0648\u0644\u0648\u064a\u0627\u062a \u0627\u0644\u0645\u062d\u0644\u064a\u0629 \u0648\u0627\u0644\u0648\u0637\u0646\u064a\u0629 \u060c \u0644\u062f\u064a\u0646\u0627 \u0642\u0627\u0639\u062f\u0629 \u0643\u0628\u064a\u0631\u0629 \u0645\u0646 \u0627\u0644\u0639\u0645\u0644\u0627\u0621 \u0641\u064a \u0627\u0644\u0645\u0646\u0637\u0642\u0629.<\/p>\n<p>\u0644\u062f\u064a\u0646\u0627 \u0639\u0645\u0644\u064a\u0627\u062a \u0627\u0644\u062a\u0635\u0646\u064a\u0639 100% \u0645\u0646 \u0627\u0644\u0645\u0646\u062a\u062c\u0627\u062a \u0627\u0644\u0645\u062d\u0644\u064a\u0629 \u0628\u0627\u0633\u062a\u062e\u062f\u0627\u0645 \u0627\u0644\u0623\u062f\u0627\u0621 \u0648\u0627\u0644\u0645\u062a\u0627\u0646\u0629 \u0627\u0644\u0622\u0644\u0627\u062a \u060c \u0648\u0646\u062d\u0646 \u0627\u0644\u062f\u0639\u0645 \u0623\u062b\u0646\u0627\u0621 \u0648\u0628\u0639\u062f \u0641\u062a\u0631\u0629 \u0627\u0644\u0636\u0645\u0627\u0646. \u0647\u062f\u0641\u0646\u0627 \u0647\u0648 \u0644\u064a\u0633 \u0641\u0642\u0637 \u0628\u064a\u0639 \u0622\u0644\u0629, \u0648\u0646\u062d\u0646 \u0644\u0627 \u062a\u062a\u0631\u0643 \u0622\u062b\u0627\u0631\u0627 \u062f\u0627\u0626\u0645\u0629 \u0641\u064a \u0647\u0630\u0647 \u0627\u0644\u0635\u0646\u0627\u0639\u0629 \u062c\u0646\u0628\u0627 \u0625\u0644\u0649 \u062c\u0646\u0628 \u0645\u0639 \u0639\u0645\u0644\u0627\u0626\u0646\u0627 \u0648 \u062a\u0646\u0645\u0648 \u0644\u062a\u0635\u0628\u062d \u0627\u0644\u0639\u0644\u0627\u0645\u0629 \u0627\u0644\u062a\u062c\u0627\u0631\u064a\u0629 \u0627\u0644\u0631\u0627\u0626\u062f\u0629.<\/p>\n<p>\u0627\u0644\u062a\u0644\u0642\u0627\u0626\u064a \u0622\u0644\u0629 \u062a\u0646\u0638\u064a\u0641 \u0627\u0644\u0633\u062c\u0627\u062f \u0648 \u0645\u0627\u0643\u064a\u0646\u0627\u062a \u0627\u0644\u062a\u0639\u0628\u0626\u0629 \u0648\u0627\u0644\u062a\u063a\u0644\u064a\u0641 \u0645\u0639 \u0643\u0648\u0645\u0629 \u0627\u0644\u0633\u062c\u0627\u062f \u061b \u062a\u0631\u0641\u0631\u0641 \u0627\u0644\u0633\u062c\u0627\u062f \u0622\u0644\u0627\u062a \u0631\u0634, \u0646\u062d\u0646 \u0646\u0642\u062f\u0645 \u0645\u062c\u0645\u0648\u0639\u0629 \u0648\u0627\u0633\u0639\u0629 \u0645\u0646 \u0627\u0644\u0622\u0644\u0627\u062a \u0628\u062f\u0621\u0627 \u0645\u0646 \u0627\u0644\u0633\u062c\u0627\u062f. \u0643\u0644 \u0645\u0646 \u0645\u0646\u062a\u062c\u0627\u062a\u0646\u0627 \u0628\u062f\u0642\u0629 \u062a\u0635\u0645\u064a\u0645\u0647\u0627 \u0648\u062a\u0635\u0646\u064a\u0639\u0647\u0627 \u0644\u062a\u0644\u0628\u064a\u0629 \u0623\u0639\u0644\u0649 \u0627\u0644\u0645\u0639\u0627\u064a\u064a\u0631 \u0641\u064a \u0647\u0630\u0647 \u0627\u0644\u0635\u0646\u0627\u0639\u0629.<\/p>\n<p>\u0643\u0648\u0646\u0647\u0627 \u0631\u0627\u0626\u062f\u0629 \u0641\u064a \u0647\u0630\u0627 \u0627\u0644\u0642\u0637\u0627\u0639 \u0628\u0647\u062f\u0641 \u0627\u0644\u062a\u062d\u0633\u064a\u0646 \u0627\u0644\u0645\u0633\u062a\u0645\u0631 \u0648 \u0633\u064a\u0627\u0633\u0629 \u0627\u0644\u0627\u0628\u062a\u0643\u0627\u0631 \u0645\u0646 \u062e\u0644\u0627\u0644 \u0627\u0639\u062a\u0645\u0627\u062f \u0646\u0633\u0639\u0649 \u062c\u0627\u0647\u062f\u064a\u0646 \u0644\u062a\u0642\u062f\u064a\u0645 \u0623\u0641\u0636\u0644 \u0627\u0644\u062d\u0644\u0648\u0644 \u0644\u0639\u0645\u0644\u0627\u0626\u0646\u0627.<\/p>\n<\/div>\n<\/div>\n<div class=\"wpb_text_column wpb_content_element\">\n<div class=\"wpb_wrapper\">\n<p style=\"text-align: justify;\"><em>\u0627\u0644\u0645\u0647\u0646\u064a\u0629 \u0623\u0646 \u062a\u0643\u0648\u0646 \u0645\u062d\u062a\u0631\u0641 \u0644\u0644\u0639\u0645\u0644 \u0645\u0639.<\/em><\/p>\n<\/div>\n<\/div>\n\n\t\t<\/div>\n\t<\/div>\n<\/div><\/div><div class=\"vc_column_container col-md-6\"><div class=\"wpb_wrapper vc_column-inner\">\r\n\t<div class=\"wpb_single_image wpb_content_element vc_align_left\" data-appear-animation=\"fadeInUp\" data-appear-animation-delay=\"120\">\r\n\t\t<div class=\"wpb_wrapper\">\r\n\t\t\t\r\n\t\t\t<div class=\"vc_single_image-wrapper vc_box_shadow_border  vc_box_border_grey\"><img loading=\"lazy\" decoding=\"async\" width=\"700\" height=\"575\" src=\"https:\/\/www.bomsmakine.com\/wp-content\/uploads\/2024\/08\/hakkimizda.jpg\" class=\"vc_single_image-img attachment-full\" alt=\"\" title=\"\" srcset=\"https:\/\/www.bomsmakine.com\/wp-content\/uploads\/2024\/08\/hakkimizda.jpg 700w, https:\/\/www.bomsmakine.com\/wp-content\/uploads\/2024\/08\/hakkimizda-640x526.jpg 640w, https:\/\/www.bomsmakine.com\/wp-content\/uploads\/2024\/08\/hakkimizda-400x329.jpg 400w\" sizes=\"auto, (max-width: 700px) 100vw, 700px\" \/><\/div>\r\n\t\t<\/div>\r\n\t<\/div>\r\n<\/div><\/div><div class=\"vc_column_container col-md-12\"><div class=\"wpb_wrapper vc_column-inner\">\n\t<div class=\"wpb_text_column wpb_content_element\" >\n\t\t<div class=\"wpb_wrapper\">\n\t\t\t\n\t\t<\/div>\n\t<\/div>\n<\/div><\/div><\/div><\/div><\/div>\n<\/section>","protected":false},"excerpt":{"rendered":"Boms Makine, hal\u0131 y\u0131kama sekt\u00f6r\u00fcnde profesyonel ekip ve tecr\u00fcbeli personelimizle, ileri teknolojiye sahip hal\u0131 y\u0131kama makineleri ve ekipmanlar\u0131 \u00fcretme misyonunu \u00fcstlendik. Sekt\u00f6r\u00fcm\u00fczde kaliteyi ve \u00e7\u00f6z\u00fcm odakl\u0131 hizmeti \u00f6n planda tutarak, yerel ve ulusal alanda geni\u015f bir m\u00fc\u015fteri portf\u00f6y\u00fcne sahibiz. \u00dcretim s\u00fcre\u00e7lerimizde %100 yerli \u00fcr\u00fcnler kullan\u0131yor, makinelerimizin performans\u0131n\u0131 ve dayan\u0131kl\u0131l\u0131\u011f\u0131n\u0131 garanti s\u00fcresince ve sonras\u0131nda da destekliyoruz. [...]","protected":false},"author":1,"featured_media":0,"parent":0,"menu_order":0,"comment_status":"closed","ping_status":"closed","template":"","meta":{"footnotes":""},"class_list":["post-11","page","type-page","status-publish","hentry"],"_links":{"self":[{"href":"https:\/\/www.bomsmakine.com\/ar\/wp-json\/wp\/v2\/pages\/11","targetHints":{"allow":["GET"]}}],"collection":[{"href":"https:\/\/www.bomsmakine.com\/ar\/wp-json\/wp\/v2\/pages"}],"about":[{"href":"https:\/\/www.bomsmakine.com\/ar\/wp-json\/wp\/v2\/types\/page"}],"author":[{"embeddable":true,"href":"https:\/\/www.bomsmakine.com\/ar\/wp-json\/wp\/v2\/users\/1"}],"replies":[{"embeddable":true,"href":"https:\/\/www.bomsmakine.com\/ar\/wp-json\/wp\/v2\/comments?post=11"}],"version-history":[{"count":11,"href":"https:\/\/www.bomsmakine.com\/ar\/wp-json\/wp\/v2\/pages\/11\/revisions"}],"predecessor-version":[{"id":4557,"href":"https:\/\/www.bomsmakine.com\/ar\/wp-json\/wp\/v2\/pages\/11\/revisions\/4557"}],"wp:attachment":[{"href":"https:\/\/www.bomsmakine.com\/ar\/wp-json\/wp\/v2\/media?parent=11"}],"curies":[{"name":"wp","href":"https:\/\/api.w.org\/{rel}","templated":true}]}}