{"id":149,"date":"2021-02-11T01:45:31","date_gmt":"2021-02-11T01:45:31","guid":{"rendered":"http:\/\/sw-themes.com\/porto_dummy\/?page_id=149"},"modified":"2024-08-07T13:30:06","modified_gmt":"2024-08-07T13:30:06","slug":"iletisim","status":"publish","type":"page","link":"https:\/\/www.bomsmakine.com\/ar\/iletisim\/","title":{"rendered":"\u0627\u0644\u0627\u062a\u0635\u0627\u0644\u0627\u062a"},"content":{"rendered":"<section class=\"wpb-content-wrapper\"><div class=\"vc_row wpb_row top-row pt-5 mx-3 mx-xl-0 custom-box-1 vc_custom_1653618733821 vc_row-has-fill porto-inner-container\"><div class=\"porto-wrap-container container\"><div class=\"row\"><div class=\"p-5 bg-white d-flex align-items-center vc_column_container col-md-12 col-lg-6\"><div class=\"wpb_wrapper vc_column-inner\"><h2 style=\"font-size: 30.8px;color: #000000;font-weight:500;letter-spacing:-1.54px\" class=\"vc_custom_heading text-color-dark font-weight-medium mb-4 mt-5 mt-lg-0 align-left\" >\u0645\u0639\u0644\u0648\u0645\u0627\u062a \u0627\u0644\u0627\u062a\u0635\u0627\u0644<\/h2>\n\t<div class=\"wpb_text_column wpb_content_element\" >\n\t\t<div class=\"wpb_wrapper\">\n\t\t\t<p><strong>\u0627\u0644\u0639\u0646\u0648\u0627\u0646: <\/strong>\u0627\u0644\u0622\u0646 Mah. 46195 \u0627\u0644\u0634\u0643\u0644. 2 Epher \u0627\u0644\u062c\u0644\u0648\u0633. \u0628\u0644\u0648\u0643 C \u0633\u064a\u062d\u0627\u0646\/\u0623\u0636\u0646\u0629<\/p>\n<p><strong>\u0627\u0644\u0647\u0627\u062a\u0641:<\/strong> +90 (530) 876 81 02<\/p>\n<p><strong>\u0627\u0644\u0628\u0631\u064a\u062f \u0627\u0644\u0625\u0644\u0643\u062a\u0631\u0648\u0646\u064a:<\/strong> info@bomsmakine.com<\/p>\n\n\t\t<\/div>\n\t<\/div>\n<div class=\"vc_row wpb_row vc_inner row justify-content-center\"><div class=\"vc_column_container col-md-12\"><div class=\"wpb_wrapper vc_column-inner\"><div class=\"vc_empty_space\"   style=\"height: 5px\"><span class=\"vc_empty_space_inner\"><\/span><\/div><h2 style=\"font-size: 25px;color: #000000;font-weight:500;letter-spacing:-1.54px\" class=\"vc_custom_heading text-color-dark font-weight-medium mb-4 mt-5 mt-lg-0 align-left\" >\u0627\u0644\u0645\u0648\u0642\u0639<\/h2><div class=\"wpb_gmaps_widget wpb_content_element\"><div class=\"wpb_wrapper\"><div class=\"wpb_map_wraper\"><iframe src=\"https:\/\/www.google.com\/maps\/embed?pb=!1m18!1m12!1m3!1d3187.060334786866!2d35.2493668!3d36.984493!2m3!1f0!2f0!3f0!3m2!1i1024!2i768!4f13.1!3m3!1m2!1s0x1528878af75498b7%3A0x84f1578fd078744a!2sBoms%20Hal%C4%B1%20Y%C4%B1kama%20Makineleri!5e0!3m2!1str!2str!4v1723037382529!5m2!1str!2str\" width=\"600\" height=\"450\" style=\"border:0;\" allowfullscreen=\"\" loading=\"lazy\" referrerpolicy=\"no-referrer-when-downgrade\"><\/iframe><\/div><\/div><\/div><\/div><\/div><\/div><\/div><\/div><div class=\"p-5 vc_column_container col-md-12 col-lg-6 vc_custom_1613689467185\"><div class=\"wpb_wrapper vc_column-inner\"><div class=\"vc_empty_space\"   style=\"height: 15px\"><span class=\"vc_empty_space_inner\"><\/span><\/div><h2 style=\"font-size: 30.8px;font-weight:500;letter-spacing:-1.54px\" class=\"vc_custom_heading text-color-light font-weight-medium mb-4 mt-5 mt-lg-0 align-left\" >\u0634\u0643\u0644 \u0645\u0646 \u0623\u0634\u0643\u0627\u0644 \u0627\u0644\u0627\u062a\u0635\u0627\u0644<\/h2><p style=\"font-size: 15.4px;font-weight:500;letter-spacing:0\" class=\"vc_custom_heading mb-4 align-left\" >\u0645\u0639\u0644\u0648\u0645\u0627\u062a \u0627\u0644\u0627\u062a\u0635\u0627\u0644 \u0644\u062f\u064a\u0646\u0627 \u0623\u0648 \u064a\u0645\u0643\u0646\u0643 \u0627\u0644\u0627\u062a\u0635\u0627\u0644 \u0628\u0646\u0627 \u0628\u0627\u0633\u062a\u062e\u062f\u0627\u0645 \u0646\u0645\u0648\u0630\u062c \u0627\u0644\u0627\u062a\u0635\u0627\u0644. \u0627\u0644\u0639\u0648\u062f\u0629 \u0633\u0648\u0641 \u062a\u0643\u0648\u0646 \u0641\u064a \u0623\u0642\u0635\u0631 \u0648\u0642\u062a.<\/p>\n\t<div class=\"wpb_text_column wpb_content_element\" >\n\t\t<div class=\"wpb_wrapper\">\n\t\t\t<div id=\"quform-a66d5c\" class=\"quform quform-1 quform-theme-storm quform-rtl quform-support-page-caching\"><form id=\"quform-form-a66d5c\" class=\"quform-form quform-form-1\" action=\"\/ar\/wp-json\/wp\/v2\/pages\/149#quform-a66d5c\" method=\"post\" enctype=\"multipart\/form-data\" novalidate=\"novalidate\" data-options=\"{&quot;id&quot;:1,&quot;uniqueId&quot;:&quot;a66d5c&quot;,&quot;theme&quot;:&quot;storm&quot;,&quot;ajax&quot;:true,&quot;logic&quot;:{&quot;logic&quot;:[],&quot;dependents&quot;:[],&quot;elementIds&quot;:[],&quot;dependentElementIds&quot;:[],&quot;animate&quot;:true},&quot;currentPageId&quot;:1,&quot;errorsIcon&quot;:&quot;&quot;,&quot;updateFancybox&quot;:true,&quot;hasPages&quot;:false,&quot;pages&quot;:[1],&quot;pageProgressType&quot;:&quot;numbers&quot;,&quot;tooltipsEnabled&quot;:true,&quot;tooltipClasses&quot;:&quot;qtip-quform-dark qtip-shadow&quot;,&quot;tooltipMy&quot;:&quot;left center&quot;,&quot;tooltipAt&quot;:&quot;right center&quot;,&quot;isRtl&quot;:true,&quot;scrollOffset&quot;:-50,&quot;scrollSpeed&quot;:800}\" data-trp-original-action=\"\/ar\/wp-json\/wp\/v2\/pages\/149#quform-a66d5c\"><button class=\"quform-default-submit\" name=\"quform_submit\" type=\"submit\" value=\"submit\" aria-hidden=\"true\" tabindex=\"-1\"><\/button><div class=\"quform-form-inner quform-form-inner-1\"><input type=\"hidden\" name=\"quform_form_id\" value=\"1\" \/><input type=\"hidden\" name=\"quform_form_uid\" value=\"a66d5c\" \/><input type=\"hidden\" name=\"quform_count\" value=\"1\" \/><input type=\"hidden\" name=\"form_url\" value=\"https:\/\/www.bomsmakine.com\/ar\/wp-json\/wp\/v2\/pages\/149\" \/><input type=\"hidden\" name=\"referring_url\" value=\"\" \/><input type=\"hidden\" name=\"post_id\" value=\"\" \/><input type=\"hidden\" name=\"post_title\" value=\"\" \/><input type=\"hidden\" name=\"quform_current_page_id\" value=\"1\" \/><input type=\"hidden\" name=\"quform_csrf_token\" value=\"mXf5xf5RmelmsymznQgcip5ZXHGm6IR7OU0x3m2G\" \/><div class=\"quform-elements quform-elements-1 quform-cf quform-responsive-elements-phone-landscape\"><div class=\"quform-element quform-element-page quform-page-1 quform-page-1_1 quform-cf quform-group-style-plain quform-first-page quform-last-page quform-current-page\"><div class=\"quform-child-elements\"><div class=\"quform-element quform-element-text quform-element-1_3 quform-cf quform-labels-inside quform-element-required\"><div class=\"quform-spacer\"><div class=\"quform-label quform-label-1_3\"><label class=\"quform-label-text\" for=\"quform_1_3_a66d5c\">\u0627\u0644\u0627\u0633\u0645 \u0648 \u0627\u0644\u0644\u0642\u0628<span class=\"quform-required\">*<\/span><\/label><\/div><div class=\"quform-inner quform-inner-text quform-inner-1_3\"><div class=\"quform-input quform-input-text quform-input-1_3 quform-cf\"><input type=\"text\" id=\"quform_1_3_a66d5c\" name=\"quform_1_3\" class=\"quform-field quform-field-text quform-field-1_3\" \/><\/div><\/div><\/div><\/div><div class=\"quform-element quform-element-email quform-element-1_7 quform-cf quform-labels-inside quform-element-required\"><div class=\"quform-spacer\"><div class=\"quform-label quform-label-1_7\"><label class=\"quform-label-text\" for=\"quform_1_7_a66d5c\">  \u0639\u0646\u0648\u0627\u0646 \u0627\u0644\u0628\u0631\u064a\u062f \u0627\u0644\u0625\u0644\u0643\u062a\u0631\u0648\u0646\u064a<span class=\"quform-required\">*<\/span><\/label><\/div><div class=\"quform-inner quform-inner-email quform-inner-1_7\"><div class=\"quform-input quform-input-email quform-input-1_7 quform-cf\"><input type=\"email\" id=\"quform_1_7_a66d5c\" name=\"quform_1_7\" class=\"quform-field quform-field-email quform-field-1_7\" \/><\/div><\/div><\/div><\/div><div class=\"quform-element quform-element-text quform-element-1_8 quform-cf quform-labels-inside quform-element-optional\"><div class=\"quform-spacer\"><div class=\"quform-label quform-label-1_8\"><label class=\"quform-label-text\" for=\"quform_1_8_a66d5c\">\u0631\u0642\u0645 \u0627\u0644\u0647\u0627\u062a\u0641 \u0627\u0644\u062e\u0627\u0635 \u0628\u0643<\/label><\/div><div class=\"quform-inner quform-inner-text quform-inner-1_8\"><div class=\"quform-input quform-input-text quform-input-1_8 quform-cf\"><input type=\"text\" id=\"quform_1_8_a66d5c\" name=\"quform_1_8\" class=\"quform-field quform-field-text quform-field-1_8\" \/><\/div><\/div><\/div><\/div><div class=\"quform-element quform-element-textarea quform-element-1_10 quform-cf quform-labels-inside quform-element-required\"><div class=\"quform-spacer\"><div class=\"quform-label quform-label-1_10\"><label class=\"quform-label-text\" for=\"quform_1_10_a66d5c\">\u0631\u0633\u0627\u0644\u062a\u0643<span class=\"quform-required\">*<\/span><\/label><\/div><div class=\"quform-inner quform-inner-textarea quform-inner-1_10\"><div class=\"quform-input quform-input-textarea quform-input-1_10 quform-cf\"><textarea id=\"quform_1_10_a66d5c\" name=\"quform_1_10\" class=\"quform-field quform-field-textarea quform-field-1_10\"><\/textarea><\/div><\/div><\/div><\/div><div class=\"quform-element quform-element-captcha quform-element-1_11 quform-cf quform-element-required\"><div class=\"quform-spacer\"><div class=\"quform-label quform-label-1_11\"><label class=\"quform-label-text\" for=\"quform_1_11_a66d5c\">\u064a\u0631\u062c\u0649 \u0643\u062a\u0627\u0628\u0629 \u0627\u0644\u062d\u0631\u0648\u0641<span class=\"quform-required\">*<\/span><\/label><\/div><div class=\"quform-inner quform-inner-captcha quform-inner-1_11\"><div class=\"quform-input quform-input-captcha quform-input-1_11 quform-cf\"><input type=\"text\" id=\"quform_1_11_a66d5c\" name=\"quform_1_11\" class=\"quform-field quform-field-captcha quform-field-1_11\" \/><\/div><div class=\"quform-captcha quform-cf\"><div class=\"quform-captcha-image quform-captcha-image-1_11\"><img loading=\"lazy\" decoding=\"async\" class=\"quform-captcha-image-img\" src=\"data:image\/png;base64,iVBORw0KGgoAAAANSUhEUgAAAOYAAABQBAMAAAD\/1xTgAAAAG1BMVEX\/\/\/8iIiLj4+PHx8dZWVk9PT2QkJB0dHSsrKxMvFsmAAAACXBIWXMAAA7EAAAOxAGVKw4bAAADbUlEQVRoge1XO1PbQBCWJT9UZoNlUsoOxCmtSXiUVsbDUKLExpRWHkAZkQFTSpAw\/tm5l04nG92qACaTua9AYD7tt7evW1uWgYGBgYGBgYGBwb8C9xqmX5\/U4tsPvp4wBIrF0yk6IYCnPYTLJKGLeEZg719cjnBJO2QGf2ooMdeEz5gtl9ryUlRzTxyimuEQO98Gv7UcBjuqFw\/Km04Ic1xJ6fNUZmhGs5rxaAKcWVYboFdJifn\/OgCvtaZE2gG2Ec0APJ89wK+iiBjYOr+4KYD5OU1ppSmOhDvvVgeOpDNlv0TgaU2RLH3hNVllShLH7AlwIj6xB759uLqXDOLOSLgHuj4gPBoyqqlrAhawhdAWydolhUfjc\/aYpu4ApDK2+ENTj2uaW\/yTvPjki25B0Rrr8\/P1kWZnmpwA8Ea+SoK0DGU32iLstCxfaUxlPB4N0KeAOc8MOlLTHoXgjYrKoZSesKltlpjXa1taqkTCDTYVZsjCHMuiIsauLOsjgIx\/hSVgz4MjH9EMeLYSRTNhaWvIQ7XIASekrLqZ9gS5Jg4yXbzb1TVAcYaEedGUAk5eVJn2nLGcBQfYVRvldSpzlbBMdoqpw6+BnoVq8tppo4Nohxn0Ipk+odlWxuYPwjj185lVgSBvgRZauIM\/VPMqKpoqFprKdD08v7NkjXPYMDsuHaeRj7I+prkH4\/cXNyO3aA2iubBobJWCGdAfbqnZ6SXYTYu\/aelzLxMsthE33VKKLmamW0rydlgl75Zt0aVAHfq01FLumv4ucES9Jkr2Mpa2TAkk61gnWrsY6ZB4N08VFvR8y06woSA0d0BRyOh2ocwhTnKS9QUghstbksRf+d90anaXITrjaaucPnwvzciMX73F9kOjNgN+VZU0R7S9YS5elXvCGm8DgeAp4cjK94ole\/hT+VVW30NlmtTdh4RznlLd3I0zS\/cJl0jZHJOaDvdt20c0rSEllnbqAKbLmzuVw3bg2\/U3M9pTZAbvL+QBKG+OShLvHpbl3TvYvHPt1WqzzSnPKV\/QZKm52+DVQR+551XNAF20a2sO6vHGdoT1RS10ugEcY0M619xF+6IWWqz26mg24CTEvzfVQXs2m042avRxzXk9554QLcDXrefQTF9Ys4l9aXoGONjC\/hwYHr24pIGBgYGBgcF\/iL9AUpBW59viWQAAAABJRU5ErkJggg==\" alt=\"CAPTCHA image\" data-element-id=\"11\" width=\"115\" height=\"40\" \/><\/div><\/div><p class=\"quform-description quform-description-below\">\u0647\u0630\u0627 \u064a\u0633\u0627\u0639\u062f \u0639\u0644\u0649 \u062a\u062c\u0646\u0628 \u0627\u0644\u0628\u0631\u064a\u062f \u0627\u0644\u0645\u0632\u0639\u062c, \u0634\u0643\u0631\u0627.<\/p><\/div><\/div><\/div><div class=\"quform-element quform-element-submit quform-element-1_2 quform-cf quform-button-style-bootstrap quform-button-size-medium quform-button-width-medium\"><div class=\"quform-button-submit quform-button-submit-default quform-button-submit-1_2\" data-animation=\"one\"><button name=\"quform_submit\" type=\"submit\" class=\"quform-submit\" value=\"submit\"><span class=\"quform-button-text quform-button-submit-text\">Send<\/span><\/button><\/div><div class=\"quform-loading quform-loading-position-left quform-loading-type-spinner-1\"><div class=\"quform-loading-inner\"><div class=\"quform-loading-spinner\"><div class=\"quform-loading-spinner-inner\"><\/div><\/div><\/div><\/div><\/div><div class=\"quform-element-tree\"><label for=\"quform_1_0_a66d5c\">This field should be left blank<\/label><input type=\"text\" id=\"quform_1_0_a66d5c\" name=\"quform_1_0\" class=\"quform-field quform-field-tree quform-field-1_0\" tabindex=\"-1\" autocomplete=\"off\" \/><\/div><\/div><\/div><\/div><\/div><input type=\"hidden\" name=\"trp-form-language\" value=\"ar\"\/><\/form><\/div>\n\n\t\t<\/div>\n\t<\/div>\n<\/div><\/div><\/div><\/div><\/div>\n<\/section>","protected":false},"excerpt":{"rendered":"\u0130leti\u015fim Bilgileri Adres: Ye\u015filoba Mah. 46195 Sk. Efer 2 Sit. C Blok Seyhan\/ADANA Telefon: +90 (530) 876 81 02 E-Mail: info@bomsmakine.com Lokasyon\u0130leti\u015fim Formu\u0130leti\u015fim bilgilerimizi yada ileti\u015fim formumuzu kullan\u0131p bize ula\u015fabilirsiniz. En k\u0131sa s\u00fcrede d\u00f6n\u00fc\u015f yap\u0131lacakt\u0131r. Ad\u0131n\u0131z Soyad\u0131n\u0131z* E-posta Adresiniz*Telefon Numaran\u0131zMesaj\u0131n\u0131z*L\u00fctfen karakterleri yaz\u0131n*Bu spam \u00f6nlememize yard\u0131mc\u0131 olur, te\u015fekk\u00fcrler.SendThis field should be left blank","protected":false},"author":1,"featured_media":0,"parent":0,"menu_order":0,"comment_status":"closed","ping_status":"closed","template":"","meta":{"footnotes":""},"class_list":["post-149","page","type-page","status-publish","hentry"],"_links":{"self":[{"href":"https:\/\/www.bomsmakine.com\/ar\/wp-json\/wp\/v2\/pages\/149","targetHints":{"allow":["GET"]}}],"collection":[{"href":"https:\/\/www.bomsmakine.com\/ar\/wp-json\/wp\/v2\/pages"}],"about":[{"href":"https:\/\/www.bomsmakine.com\/ar\/wp-json\/wp\/v2\/types\/page"}],"author":[{"embeddable":true,"href":"https:\/\/www.bomsmakine.com\/ar\/wp-json\/wp\/v2\/users\/1"}],"replies":[{"embeddable":true,"href":"https:\/\/www.bomsmakine.com\/ar\/wp-json\/wp\/v2\/comments?post=149"}],"version-history":[{"count":9,"href":"https:\/\/www.bomsmakine.com\/ar\/wp-json\/wp\/v2\/pages\/149\/revisions"}],"predecessor-version":[{"id":4540,"href":"https:\/\/www.bomsmakine.com\/ar\/wp-json\/wp\/v2\/pages\/149\/revisions\/4540"}],"wp:attachment":[{"href":"https:\/\/www.bomsmakine.com\/ar\/wp-json\/wp\/v2\/media?parent=149"}],"curies":[{"name":"wp","href":"https:\/\/api.w.org\/{rel}","templated":true}]}}