{"id":4561,"date":"2024-08-17T07:50:05","date_gmt":"2024-08-17T07:50:05","guid":{"rendered":"https:\/\/www.bomsmakine.com\/?page_id=4561"},"modified":"2024-08-18T08:05:47","modified_gmt":"2024-08-18T08:05:47","slug":"otomatik-hali-yikama-makinesi","status":"publish","type":"page","link":"https:\/\/www.bomsmakine.com\/ar\/urunler\/otomatik-hali-yikama-makinesi\/","title":{"rendered":"\u0627\u0644\u062a\u0644\u0642\u0627\u0626\u064a \u063a\u0633\u0627\u0644\u0629 \u0627\u0644\u0633\u062c\u0627\u062f"},"content":{"rendered":"<section class=\"wpb-content-wrapper\"><div class=\"vc_row wpb_row top-row porto-inner-container\"><div class=\"porto-wrap-container container\"><div class=\"row\"><div class=\"vc_column_container col-md-12\"><div class=\"wpb_wrapper vc_column-inner\">\r\n\t<div class=\"wpb_single_image wpb_content_element vc_align_center\">\r\n\t\t<div class=\"wpb_wrapper\">\r\n\t\t\t\r\n\t\t\t<div class=\"vc_single_image-wrapper   vc_box_border_grey\"><img loading=\"lazy\" decoding=\"async\" width=\"1336\" height=\"675\" src=\"https:\/\/www.bomsmakine.com\/wp-content\/uploads\/2024\/08\/otomatik-hali-yikama-makinesi-1-4.jpg\" class=\"vc_single_image-img attachment-full\" alt=\"Otomatik Hal\u0131 Y\u0131kama Makinesi\" title=\"\u0627\u0644\u062a\u0644\u0642\u0627\u0626\u064a \u063a\u0633\u0627\u0644\u0629 \u0627\u0644\u0633\u062c\u0627\u062f\" srcset=\"https:\/\/www.bomsmakine.com\/wp-content\/uploads\/2024\/08\/otomatik-hali-yikama-makinesi-1-4.jpg 1336w, https:\/\/www.bomsmakine.com\/wp-content\/uploads\/2024\/08\/otomatik-hali-yikama-makinesi-1-4-1024x517.jpg 1024w, https:\/\/www.bomsmakine.com\/wp-content\/uploads\/2024\/08\/otomatik-hali-yikama-makinesi-1-4-768x388.jpg 768w, https:\/\/www.bomsmakine.com\/wp-content\/uploads\/2024\/08\/otomatik-hali-yikama-makinesi-1-4-640x323.jpg 640w, https:\/\/www.bomsmakine.com\/wp-content\/uploads\/2024\/08\/otomatik-hali-yikama-makinesi-1-4-400x202.jpg 400w\" sizes=\"auto, (max-width: 1336px) 100vw, 1336px\" \/><\/div>\r\n\t\t<\/div>\r\n\t<\/div>\r\n<\/div><\/div><div class=\"vc_column_container col-md-12\"><div class=\"wpb_wrapper vc_column-inner\"><div class=\"vc_row wpb_row vc_inner row\"><div class=\"vc_column_container col-md-6\"><div class=\"wpb_wrapper vc_column-inner\"><style>#porto-info-list174246391869e306e7ae3df i { color: #2b2278;font-size: 20px; }<\/style><ul id=\"porto-info-list174246391869e306e7ae3df\" class=\"porto-info-list\"><li class=\"porto-info-list-item\"><i class=\"porto-info-icon fas fa-check-circle\"><\/i><div class=\"porto-info-list-item-desc\" style=\"font-size: 18px;\"><strong>\u0645\u0646\u0641\u0635\u0644\u0629 \u0643\u0644 \u0641\u0631\u0634\u0627\u0629 \u0627\u0644\u0645\u062d\u0631\u0643 \u0648 \u0639\u0644\u0628\u0629 \u0627\u0644\u062a\u0631\u0648\u0633<\/strong><\/div><\/li><li class=\"porto-info-list-item\"><i class=\"porto-info-icon fas fa-check-circle\"><\/i><div class=\"porto-info-list-item-desc\" style=\"font-size: 18px;\"><strong>\u0627\u0644\u0647\u064a\u0643\u0644 \u0627\u0644\u0631\u0626\u064a\u0633\u064a:<\/strong>\u00a03mm \u0627\u0644\u0645\u062c\u0644\u0641\u0646 (\u0627\u0644\u0633\u0627\u062e\u0646\u0629 \u0627\u0646\u062e\u0641\u0636) \u0623\u0648 \u0627\u0644\u0643\u0631\u0648\u0645<\/div><\/li><li class=\"porto-info-list-item\"><i class=\"porto-info-icon fas fa-check-circle\"><\/i><div class=\"porto-info-list-item-desc\" style=\"font-size: 18px;\"><strong>\u0627\u0644\u0644\u0648\u062d\u0629 \u0627\u0644\u0643\u0647\u0631\u0628\u0627\u0626\u064a\u0629:<\/strong>\u00a0\u0645\u0627\u0631\u0643\u0629 \u0634\u0646\u0627\u064a\u062f\u0631<\/div><\/li><li class=\"porto-info-list-item\"><i class=\"porto-info-icon fas fa-check-circle\"><\/i><div class=\"porto-info-list-item-desc\" style=\"font-size: 18px;\"><strong>\u0627\u0644\u0623\u0628\u0639\u0627\u062f \u0648 \u0627\u0644\u0648\u0632\u0646:<\/strong>\u00a0\u0633\u0648\u0641 \u062a\u062e\u062a\u0644\u0641 \u062d\u0633\u0628 \u0637\u0648\u0644 \u0627\u0644\u0634\u0631\u064a\u0637.*<\/div><\/li><\/ul><\/div><\/div><div class=\"vc_column_container col-md-3\"><div class=\"wpb_wrapper vc_column-inner\">\r\n\t<div class=\"wpb_single_image wpb_content_element vc_align_center\">\r\n\t\t<div class=\"wpb_wrapper\">\r\n\t\t\t\r\n\t\t\t<div class=\"vc_single_image-wrapper   vc_box_border_grey\"><img loading=\"lazy\" decoding=\"async\" width=\"128\" height=\"128\" src=\"https:\/\/www.bomsmakine.com\/wp-content\/uploads\/2024\/08\/width.png\" class=\"vc_single_image-img attachment-full\" alt=\"\" title=\"\" \/><\/div>\r\n\t\t<\/div>\r\n\t<\/div>\r\n\n\t<div class=\"wpb_text_column wpb_content_element\" >\n\t\t<div class=\"wpb_wrapper\">\n\t\t\t<p style=\"text-align: center;\"><strong><span style=\"font-size: 18px;\">\u0639\u0631\u0636 \u0627\u0644\u0646\u0637\u0627\u0642 \u0627\u0644\u062a\u0631\u062f\u062f\u064a<\/span><\/strong><br \/>\n<span style=\"font-size: 18px;\">2.70 \u0645 \u2013 3.30 \u0645 \u2013 4.20 \u0645<\/span><\/p>\n\n\t\t<\/div>\n\t<\/div>\n<\/div><\/div><div class=\"vc_column_container col-md-3\"><div class=\"wpb_wrapper vc_column-inner\">\r\n\t<div class=\"wpb_single_image wpb_content_element vc_align_center\">\r\n\t\t<div class=\"wpb_wrapper\">\r\n\t\t\t\r\n\t\t\t<div class=\"vc_single_image-wrapper   vc_box_border_grey\"><img loading=\"lazy\" decoding=\"async\" width=\"128\" height=\"128\" src=\"https:\/\/www.bomsmakine.com\/wp-content\/uploads\/2024\/08\/power-washing.png\" class=\"vc_single_image-img attachment-full\" alt=\"\" title=\"\" \/><\/div>\r\n\t\t<\/div>\r\n\t<\/div>\r\n\n\t<div class=\"wpb_text_column wpb_content_element\" >\n\t\t<div class=\"wpb_wrapper\">\n\t\t\t<p style=\"text-align: center;\"><strong><span style=\"font-size: 18px;\">\u0639\u062f\u062f \u0627\u0644\u0641\u0631\u0634<\/span><\/strong><br \/>\n<span style=\"font-size: 18px;\">4-8-12-16<\/span><\/p>\n\n\t\t<\/div>\n\t<\/div>\n<\/div><\/div><\/div><\/div><\/div><div class=\"vc_column_container col-md-12\"><div class=\"wpb_wrapper vc_column-inner\"><div class=\"vc_row wpb_row vc_inner row\"><div class=\"vc_column_container col-md-4\"><div class=\"wpb_wrapper vc_column-inner\"><\/div><\/div><div class=\"vc_column_container col-md-4\"><div class=\"wpb_wrapper vc_column-inner\">\r\n\t<div class=\"wpb_single_image wpb_content_element vc_align_center\">\r\n\t\t<div class=\"wpb_wrapper\">\r\n\t\t\t\r\n\t\t\t<div class=\"vc_single_image-wrapper   vc_box_border_grey\"><img loading=\"lazy\" decoding=\"async\" width=\"877\" height=\"616\" src=\"https:\/\/www.bomsmakine.com\/wp-content\/uploads\/2024\/08\/markalar.png\" class=\"vc_single_image-img attachment-full\" alt=\"\" title=\"\" srcset=\"https:\/\/www.bomsmakine.com\/wp-content\/uploads\/2024\/08\/markalar.png 877w, https:\/\/www.bomsmakine.com\/wp-content\/uploads\/2024\/08\/markalar-768x539.png 768w, https:\/\/www.bomsmakine.com\/wp-content\/uploads\/2024\/08\/markalar-640x450.png 640w, https:\/\/www.bomsmakine.com\/wp-content\/uploads\/2024\/08\/markalar-400x281.png 400w\" sizes=\"auto, (max-width: 877px) 100vw, 877px\" \/><\/div>\r\n\t\t<\/div>\r\n\t<\/div>\r\n<\/div><\/div><div class=\"vc_column_container col-md-4\"><div class=\"wpb_wrapper vc_column-inner\"><\/div><\/div><\/div><\/div><\/div><div class=\"vc_column_container col-md-12\"><div class=\"wpb_wrapper vc_column-inner\"><\/div><\/div><\/div><\/div><\/div>\n<\/section>","protected":false},"excerpt":{"rendered":"Her F\u0131r\u00e7a Ayr\u0131 Motor ve Red\u00fckt\u00f6rAna \u015ease:\u00a03mm Galvaniz (s\u0131cak dald\u0131rma) ya da KromElektrik Panosu:\u00a0Schneider Marka\u00d6l\u00e7\u00fc ve A\u011f\u0131rl\u0131k:\u00a0Bant Boyuna G\u00f6re De\u011fi\u015fkenlik G\u00f6sterir.* BANT GEN\u0130\u015eL\u0130\u011e\u0130 2.70m - 3.30m - 4.20m FIR\u00c7A SAYISI 4-8-12-16","protected":false},"author":1,"featured_media":0,"parent":4431,"menu_order":0,"comment_status":"closed","ping_status":"closed","template":"","meta":{"footnotes":""},"class_list":["post-4561","page","type-page","status-publish","hentry"],"_links":{"self":[{"href":"https:\/\/www.bomsmakine.com\/ar\/wp-json\/wp\/v2\/pages\/4561","targetHints":{"allow":["GET"]}}],"collection":[{"href":"https:\/\/www.bomsmakine.com\/ar\/wp-json\/wp\/v2\/pages"}],"about":[{"href":"https:\/\/www.bomsmakine.com\/ar\/wp-json\/wp\/v2\/types\/page"}],"author":[{"embeddable":true,"href":"https:\/\/www.bomsmakine.com\/ar\/wp-json\/wp\/v2\/users\/1"}],"replies":[{"embeddable":true,"href":"https:\/\/www.bomsmakine.com\/ar\/wp-json\/wp\/v2\/comments?post=4561"}],"version-history":[{"count":17,"href":"https:\/\/www.bomsmakine.com\/ar\/wp-json\/wp\/v2\/pages\/4561\/revisions"}],"predecessor-version":[{"id":4620,"href":"https:\/\/www.bomsmakine.com\/ar\/wp-json\/wp\/v2\/pages\/4561\/revisions\/4620"}],"up":[{"embeddable":true,"href":"https:\/\/www.bomsmakine.com\/ar\/wp-json\/wp\/v2\/pages\/4431"}],"wp:attachment":[{"href":"https:\/\/www.bomsmakine.com\/ar\/wp-json\/wp\/v2\/media?parent=4561"}],"curies":[{"name":"wp","href":"https:\/\/api.w.org\/{rel}","templated":true}]}}