{"id":4565,"date":"2024-08-17T07:51:21","date_gmt":"2024-08-17T07:51:21","guid":{"rendered":"https:\/\/www.bomsmakine.com\/?page_id=4565"},"modified":"2024-08-18T07:34:36","modified_gmt":"2024-08-18T07:34:36","slug":"hali-hav-alma-paketleme-makinesi","status":"publish","type":"page","link":"https:\/\/www.bomsmakine.com\/ar\/urunler\/hali-hav-alma-paketleme-makinesi\/","title":{"rendered":"\u062a\u0644\u0642\u064a \u0643\u0648\u0645\u0629 \u0627\u0644\u0633\u062c\u0627\u062f \u0622\u0644\u0629 \u0627\u0644\u062a\u0639\u0628\u0626\u0629 \u0648\u0627\u0644\u062a\u063a\u0644\u064a\u0641"},"content":{"rendered":"<section class=\"wpb-content-wrapper\"><div class=\"vc_row wpb_row top-row porto-inner-container\"><div class=\"porto-wrap-container container\"><div class=\"row\"><div class=\"vc_column_container col-md-12\"><div class=\"wpb_wrapper vc_column-inner\">\r\n\t<div class=\"wpb_single_image wpb_content_element vc_align_center\">\r\n\t\t<div class=\"wpb_wrapper\">\r\n\t\t\t\r\n\t\t\t<div class=\"vc_single_image-wrapper   vc_box_border_grey\"><img loading=\"lazy\" decoding=\"async\" width=\"1336\" height=\"675\" src=\"https:\/\/www.bomsmakine.com\/wp-content\/uploads\/2024\/08\/Hali-Hav-Alma-Paketleme-Makinesi-1-1.jpg\" class=\"vc_single_image-img attachment-full\" alt=\"Hal\u0131 Hav-Alma &amp; Paketleme Makinesi\" title=\"Hal\u0131 Hav-Alma &amp; Paketleme Makinesi\" srcset=\"https:\/\/www.bomsmakine.com\/wp-content\/uploads\/2024\/08\/Hali-Hav-Alma-Paketleme-Makinesi-1-1.jpg 1336w, https:\/\/www.bomsmakine.com\/wp-content\/uploads\/2024\/08\/Hali-Hav-Alma-Paketleme-Makinesi-1-1-1024x517.jpg 1024w, https:\/\/www.bomsmakine.com\/wp-content\/uploads\/2024\/08\/Hali-Hav-Alma-Paketleme-Makinesi-1-1-768x388.jpg 768w, https:\/\/www.bomsmakine.com\/wp-content\/uploads\/2024\/08\/Hali-Hav-Alma-Paketleme-Makinesi-1-1-640x323.jpg 640w, https:\/\/www.bomsmakine.com\/wp-content\/uploads\/2024\/08\/Hali-Hav-Alma-Paketleme-Makinesi-1-1-400x202.jpg 400w\" sizes=\"auto, (max-width: 1336px) 100vw, 1336px\" \/><\/div>\r\n\t\t<\/div>\r\n\t<\/div>\r\n<\/div><\/div><div class=\"vc_column_container col-md-12\"><div class=\"wpb_wrapper vc_column-inner\"><div class=\"vc_row wpb_row vc_inner row\"><div class=\"vc_column_container col-md-2\"><div class=\"wpb_wrapper vc_column-inner\"><\/div><\/div><div class=\"vc_column_container col-md-6\"><div class=\"wpb_wrapper vc_column-inner\"><style>#porto-info-list127562942569e306bd7ddd2 i { color: #2b2278;font-size: 20px; }<\/style><ul id=\"porto-info-list127562942569e306bd7ddd2\" class=\"porto-info-list\"><li class=\"porto-info-list-item\"><i class=\"porto-info-icon fas fa-check-circle\"><\/i><div class=\"porto-info-list-item-desc\" style=\"font-size: 18px;\"><strong>4 \u0642\u0637\u0639 \u0641\u0631\u0627\u063a \u0641\u0631\u0634\u0627\u0629 \u0627\u0644\u0634\u062e\u064a\u0631 \u0645\u0646\u0647\u062c\u064a\u0629 \u0627\u0644\u0645\u0633\u062d \u0627\u0644\u0636\u0648\u0626\u064a<\/strong><\/div><\/li><li class=\"porto-info-list-item\"><i class=\"porto-info-icon fas fa-check-circle\"><\/i><div class=\"porto-info-list-item-desc\" style=\"font-size: 18px;\"><b>1 \u0627\u0644\u0641\u0631\u0639\u064a\u0629 \u0645\u0633\u062d \u0627\u0644\u0641\u0631\u0634\u0627\u0629<\/b><\/div><\/li><li class=\"porto-info-list-item\"><i class=\"porto-info-icon fas fa-check-circle\"><\/i><div class=\"porto-info-list-item-desc\" style=\"font-size: 18px;\"><b>\u0641\u0631\u0646 \u0637\u0644\u0627\u0621<\/b><\/div><\/li><\/ul><\/div><\/div><div class=\"vc_column_container col-md-3\"><div class=\"wpb_wrapper vc_column-inner\">\r\n\t<div class=\"wpb_single_image wpb_content_element vc_align_center\">\r\n\t\t<div class=\"wpb_wrapper\">\r\n\t\t\t\r\n\t\t\t<div class=\"vc_single_image-wrapper   vc_box_border_grey\"><img loading=\"lazy\" decoding=\"async\" width=\"128\" height=\"128\" src=\"https:\/\/www.bomsmakine.com\/wp-content\/uploads\/2024\/08\/width.png\" class=\"vc_single_image-img attachment-full\" alt=\"\" title=\"\" \/><\/div>\r\n\t\t<\/div>\r\n\t<\/div>\r\n\n\t<div class=\"wpb_text_column wpb_content_element\" >\n\t\t<div class=\"wpb_wrapper\">\n\t\t\t<p style=\"text-align: center;\"><strong><span style=\"font-size: 18px;\">\u0639\u0631\u0636 \u0627\u0644\u0646\u0637\u0627\u0642 \u0627\u0644\u062a\u0631\u062f\u062f\u064a<\/span><\/strong><br \/>\n<span style=\"font-size: 18px;\">2.70 \u0645 \u2013 3.30 \u0645 \u2013 4.20 \u0645<\/span><\/p>\n\n\t\t<\/div>\n\t<\/div>\n<\/div><\/div><div class=\"vc_column_container col-md-1\"><div class=\"wpb_wrapper vc_column-inner\"><\/div><\/div><\/div><div class=\"vc_row wpb_row vc_inner row\"><div class=\"vc_column_container col-md-6\"><div class=\"wpb_wrapper vc_column-inner\"><\/div><\/div><div class=\"vc_column_container col-md-3\"><div class=\"wpb_wrapper vc_column-inner\"><\/div><\/div><div class=\"vc_column_container col-md-3\"><div class=\"wpb_wrapper vc_column-inner\"><\/div><\/div><\/div><\/div><\/div><div class=\"vc_column_container col-md-12\"><div class=\"wpb_wrapper vc_column-inner\"><div class=\"vc_row wpb_row vc_inner row\"><div class=\"vc_column_container col-md-4\"><div class=\"wpb_wrapper vc_column-inner\"><\/div><\/div><div class=\"vc_column_container col-md-4\"><div class=\"wpb_wrapper vc_column-inner\">\r\n\t<div class=\"wpb_single_image wpb_content_element vc_align_center\">\r\n\t\t<div class=\"wpb_wrapper\">\r\n\t\t\t\r\n\t\t\t<div class=\"vc_single_image-wrapper   vc_box_border_grey\"><img loading=\"lazy\" decoding=\"async\" width=\"877\" height=\"616\" src=\"https:\/\/www.bomsmakine.com\/wp-content\/uploads\/2024\/08\/markalar.png\" class=\"vc_single_image-img attachment-full\" alt=\"\" title=\"\" srcset=\"https:\/\/www.bomsmakine.com\/wp-content\/uploads\/2024\/08\/markalar.png 877w, https:\/\/www.bomsmakine.com\/wp-content\/uploads\/2024\/08\/markalar-768x539.png 768w, https:\/\/www.bomsmakine.com\/wp-content\/uploads\/2024\/08\/markalar-640x450.png 640w, https:\/\/www.bomsmakine.com\/wp-content\/uploads\/2024\/08\/markalar-400x281.png 400w\" sizes=\"auto, (max-width: 877px) 100vw, 877px\" \/><\/div>\r\n\t\t<\/div>\r\n\t<\/div>\r\n<\/div><\/div><div class=\"vc_column_container col-md-4\"><div class=\"wpb_wrapper vc_column-inner\"><\/div><\/div><\/div><\/div><\/div><div class=\"vc_column_container col-md-12\"><div class=\"wpb_wrapper vc_column-inner\"><\/div><\/div><\/div><\/div><\/div>\n<\/section>","protected":false},"excerpt":{"rendered":"4 Adet G\u0131rg\u0131r Sistemli Vakumlu Tarama F\u0131r\u00e7as\u01311 Adet Alt Tarama F\u0131r\u00e7as\u0131F\u0131r\u0131n Boyal\u0131 BANT GEN\u0130\u015eL\u0130\u011e\u0130 2.70m - 3.30m - 4.20m","protected":false},"author":1,"featured_media":0,"parent":4431,"menu_order":0,"comment_status":"closed","ping_status":"closed","template":"","meta":{"footnotes":""},"class_list":["post-4565","page","type-page","status-publish","hentry"],"_links":{"self":[{"href":"https:\/\/www.bomsmakine.com\/ar\/wp-json\/wp\/v2\/pages\/4565","targetHints":{"allow":["GET"]}}],"collection":[{"href":"https:\/\/www.bomsmakine.com\/ar\/wp-json\/wp\/v2\/pages"}],"about":[{"href":"https:\/\/www.bomsmakine.com\/ar\/wp-json\/wp\/v2\/types\/page"}],"author":[{"embeddable":true,"href":"https:\/\/www.bomsmakine.com\/ar\/wp-json\/wp\/v2\/users\/1"}],"replies":[{"embeddable":true,"href":"https:\/\/www.bomsmakine.com\/ar\/wp-json\/wp\/v2\/comments?post=4565"}],"version-history":[{"count":8,"href":"https:\/\/www.bomsmakine.com\/ar\/wp-json\/wp\/v2\/pages\/4565\/revisions"}],"predecessor-version":[{"id":4608,"href":"https:\/\/www.bomsmakine.com\/ar\/wp-json\/wp\/v2\/pages\/4565\/revisions\/4608"}],"up":[{"embeddable":true,"href":"https:\/\/www.bomsmakine.com\/ar\/wp-json\/wp\/v2\/pages\/4431"}],"wp:attachment":[{"href":"https:\/\/www.bomsmakine.com\/ar\/wp-json\/wp\/v2\/media?parent=4565"}],"curies":[{"name":"wp","href":"https:\/\/api.w.org\/{rel}","templated":true}]}}