{"id":11,"date":"2021-02-10T02:33:27","date_gmt":"2021-02-10T02:33:27","guid":{"rendered":"http:\/\/sw-themes.com\/porto_dummy\/?page_id=11"},"modified":"2024-08-17T07:29:40","modified_gmt":"2024-08-17T07:29:40","slug":"hakkimizda","status":"publish","type":"page","link":"https:\/\/www.bomsmakine.com\/en\/hakkimizda\/","title":{"rendered":"About Us"},"content":{"rendered":"<section class=\"wpb-content-wrapper\"><div class=\"vc_row wpb_row top-row porto-inner-container\"><div class=\"porto-wrap-container container\"><div class=\"row\"><div class=\"vc_column_container col-md-6\"><div class=\"wpb_wrapper vc_column-inner\">\n\t<div class=\"wpb_text_column wpb_content_element\" >\n\t\t<div class=\"wpb_wrapper\">\n\t\t\t<div class=\"wpb_text_column wpb_content_element\">\n<div class=\"wpb_wrapper\">\n<p><strong>Boms Machine<\/strong>, carpet cleaning, and our team of professionals in the industry with our experienced staff, high-tech equipment and assumed the mission of producing carpet cleaning machines. Quality in our industry and solution-oriented service by prioritizing local and national, we have a large customer base in the area.<\/p>\n<p>Our manufacturing processes are 100% local products, using the performance and durability of our machines, we support during and after the guarantee period. Our goal is not only sell the machine, we do not; leaving a permanent mark in the industry together with our customers and is growing to become a leading brand.<\/p>\n<p>Auto carpet cleaning machine and packaging machines taking to the carpet pile; and flapping carpet dusting machines, we offer a wide range of machines ranging from carpet. Each of our product is meticulously designed and manufactured to meet the industry&#039;s highest standards.<\/p>\n<p>Being a pioneer in this sector with the objective of continuous improvement and innovation policy by adopting strive to offer our customers the best solutions.<\/p>\n<\/div>\n<\/div>\n<div class=\"wpb_text_column wpb_content_element\">\n<div class=\"wpb_wrapper\">\n<p style=\"text-align: justify;\"><em>Professional to be a professional to work with.<\/em><\/p>\n<\/div>\n<\/div>\n\n\t\t<\/div>\n\t<\/div>\n<\/div><\/div><div class=\"vc_column_container col-md-6\"><div class=\"wpb_wrapper vc_column-inner\">\r\n\t<div class=\"wpb_single_image wpb_content_element vc_align_left\" data-appear-animation=\"fadeInUp\" data-appear-animation-delay=\"120\">\r\n\t\t<div class=\"wpb_wrapper\">\r\n\t\t\t\r\n\t\t\t<div class=\"vc_single_image-wrapper vc_box_shadow_border  vc_box_border_grey\"><img loading=\"lazy\" decoding=\"async\" width=\"700\" height=\"575\" src=\"https:\/\/www.bomsmakine.com\/wp-content\/uploads\/2024\/08\/hakkimizda.jpg\" class=\"vc_single_image-img attachment-full\" alt=\"\" title=\"\" srcset=\"https:\/\/www.bomsmakine.com\/wp-content\/uploads\/2024\/08\/hakkimizda.jpg 700w, https:\/\/www.bomsmakine.com\/wp-content\/uploads\/2024\/08\/hakkimizda-640x526.jpg 640w, https:\/\/www.bomsmakine.com\/wp-content\/uploads\/2024\/08\/hakkimizda-400x329.jpg 400w\" sizes=\"auto, (max-width: 700px) 100vw, 700px\" \/><\/div>\r\n\t\t<\/div>\r\n\t<\/div>\r\n<\/div><\/div><div class=\"vc_column_container col-md-12\"><div class=\"wpb_wrapper vc_column-inner\">\n\t<div class=\"wpb_text_column wpb_content_element\" >\n\t\t<div class=\"wpb_wrapper\">\n\t\t\t\n\t\t<\/div>\n\t<\/div>\n<\/div><\/div><\/div><\/div><\/div>\n<\/section>","protected":false},"excerpt":{"rendered":"Boms Makine, hal\u0131 y\u0131kama sekt\u00f6r\u00fcnde profesyonel ekip ve tecr\u00fcbeli personelimizle, ileri teknolojiye sahip hal\u0131 y\u0131kama makineleri ve ekipmanlar\u0131 \u00fcretme misyonunu \u00fcstlendik. Sekt\u00f6r\u00fcm\u00fczde kaliteyi ve \u00e7\u00f6z\u00fcm odakl\u0131 hizmeti \u00f6n planda tutarak, yerel ve ulusal alanda geni\u015f bir m\u00fc\u015fteri portf\u00f6y\u00fcne sahibiz. \u00dcretim s\u00fcre\u00e7lerimizde %100 yerli \u00fcr\u00fcnler kullan\u0131yor, makinelerimizin performans\u0131n\u0131 ve dayan\u0131kl\u0131l\u0131\u011f\u0131n\u0131 garanti s\u00fcresince ve sonras\u0131nda da destekliyoruz. [...]","protected":false},"author":1,"featured_media":0,"parent":0,"menu_order":0,"comment_status":"closed","ping_status":"closed","template":"","meta":{"footnotes":""},"class_list":["post-11","page","type-page","status-publish","hentry"],"_links":{"self":[{"href":"https:\/\/www.bomsmakine.com\/en\/wp-json\/wp\/v2\/pages\/11","targetHints":{"allow":["GET"]}}],"collection":[{"href":"https:\/\/www.bomsmakine.com\/en\/wp-json\/wp\/v2\/pages"}],"about":[{"href":"https:\/\/www.bomsmakine.com\/en\/wp-json\/wp\/v2\/types\/page"}],"author":[{"embeddable":true,"href":"https:\/\/www.bomsmakine.com\/en\/wp-json\/wp\/v2\/users\/1"}],"replies":[{"embeddable":true,"href":"https:\/\/www.bomsmakine.com\/en\/wp-json\/wp\/v2\/comments?post=11"}],"version-history":[{"count":11,"href":"https:\/\/www.bomsmakine.com\/en\/wp-json\/wp\/v2\/pages\/11\/revisions"}],"predecessor-version":[{"id":4557,"href":"https:\/\/www.bomsmakine.com\/en\/wp-json\/wp\/v2\/pages\/11\/revisions\/4557"}],"wp:attachment":[{"href":"https:\/\/www.bomsmakine.com\/en\/wp-json\/wp\/v2\/media?parent=11"}],"curies":[{"name":"wp","href":"https:\/\/api.w.org\/{rel}","templated":true}]}}