{"id":4431,"date":"2024-07-28T10:13:50","date_gmt":"2024-07-28T10:13:50","guid":{"rendered":"https:\/\/www.bomsmakine.com\/?page_id=4431"},"modified":"2024-08-18T08:14:03","modified_gmt":"2024-08-18T08:14:03","slug":"urunler","status":"publish","type":"page","link":"https:\/\/www.bomsmakine.com\/en\/urunler\/","title":{"rendered":"Products"},"content":{"rendered":"<section class=\"wpb-content-wrapper\"><div class=\"vc_row wpb_row top-row porto-inner-container\"><div class=\"porto-wrap-container container\"><div class=\"row\"><div class=\"vc_column_container col-md-6\"><div class=\"wpb_wrapper vc_column-inner\"><div class=\"porto-image-frame\"><div class=\"thumb-info thumb-info-hide-wrapper-bg thumb-info-box-shadow\"><a href=\"https:\/\/www.bomsmakine.com\/en\/urunler\/otomatik-hali-yikama-makinesi\/\" title=\"Automatic Carpet Washing Machine\" target=\"_self\"><span class=\"thumb-info-wrapper\"><img loading=\"lazy\" decoding=\"async\" alt=\"Otomatik Hal\u0131 Y\u0131kama Makinesi\" src=\"\/\/www.bomsmakine.com\/wp-content\/uploads\/2024\/08\/otomatik-hali-yikama-makinesi-1-4.jpg\" class=\"img-responsive\" width=\"1336\" height=\"675\"><span class=\"thumb-info-title\"><span class=\"thumb-info-inner\">AUTOMATIC CARPET WASHING MACHINE<em><\/em><\/span><span class=\"thumb-info-type\">BOMS MACHINE<\/span><\/span><span class=\"thumb-info-action\"><span class=\"thumb-info-action-icon\"><i class=\"fas fa-link\"><\/i><\/span><\/span><\/span><\/a><\/div><\/div><\/div><\/div><div class=\"vc_column_container col-md-6\"><div class=\"wpb_wrapper vc_column-inner\"><div class=\"porto-image-frame\"><div class=\"thumb-info thumb-info-hide-wrapper-bg thumb-info-box-shadow\"><a href=\"https:\/\/www.bomsmakine.com\/en\/urunler\/hali-hav-alma-paketleme-makinesi\/\" title=\"Receiving Pile Carpet \u2013 Packaging Machine\" target=\"_self\"><span class=\"thumb-info-wrapper\"><img loading=\"lazy\" decoding=\"async\" alt=\"Hal\u0131 Hav-Alma &amp; Paketleme Makinesi\" src=\"\/\/www.bomsmakine.com\/wp-content\/uploads\/2024\/08\/Hali-Hav-Alma-Paketleme-Makinesi-1-1.jpg\" class=\"img-responsive\" width=\"1336\" height=\"675\"><span class=\"thumb-info-title\"><span class=\"thumb-info-inner\">CARPET FLUFFING - PACKAGING MACHINE<em><\/em><\/span><span class=\"thumb-info-type\">BOMS MACHINE<\/span><\/span><span class=\"thumb-info-action\"><span class=\"thumb-info-action-icon\"><i class=\"fas fa-link\"><\/i><\/span><\/span><\/span><\/a><\/div><\/div><\/div><\/div><\/div><\/div><\/div><div class=\"vc_row wpb_row top-row porto-inner-container\"><div class=\"porto-wrap-container container\"><div class=\"row\"><div class=\"vc_column_container col-md-6\"><div class=\"wpb_wrapper vc_column-inner\"><div class=\"porto-image-frame\"><div class=\"thumb-info thumb-info-hide-wrapper-bg thumb-info-box-shadow\"><a href=\"https:\/\/www.bomsmakine.com\/en\/urunler\/hali-cirpma-ve-toz-alma-makinesi\/\" title=\"Flapping and carpet dusting Machine\" target=\"_self\"><span class=\"thumb-info-wrapper\"><img loading=\"lazy\" decoding=\"async\" alt=\"Hal\u0131 \u00c7\u0131rpma ve Toz Alma Makinesi\" src=\"\/\/www.bomsmakine.com\/wp-content\/uploads\/2024\/08\/Hali-Cirpma-ve-Toz-Alma-Makinesi-1.jpg\" class=\"img-responsive\" width=\"1336\" height=\"675\"><span class=\"thumb-info-title\"><span class=\"thumb-info-inner\">CARPET BEATING &amp; DUSTING MACHINE<em><\/em><\/span><span class=\"thumb-info-type\">BOMS MACHINE<\/span><\/span><span class=\"thumb-info-action\"><span class=\"thumb-info-action-icon\"><i class=\"fas fa-link\"><\/i><\/span><\/span><\/span><\/a><\/div><\/div><\/div><\/div><div class=\"vc_column_container col-md-6\"><div class=\"wpb_wrapper vc_column-inner\"><div class=\"porto-image-frame\"><div class=\"thumb-info thumb-info-hide-wrapper-bg thumb-info-box-shadow\"><a href=\"https:\/\/www.bomsmakine.com\/en\/urunler\/hali-sikma-makinesi\/\" title=\"Carpet Extraction Machine\" target=\"_self\"><span class=\"thumb-info-wrapper\"><img loading=\"lazy\" decoding=\"async\" alt=\"Hal\u0131 S\u0131kma Makinesi\" src=\"\/\/www.bomsmakine.com\/wp-content\/uploads\/2024\/08\/Hali-Sikma-Makinesi-1.jpg\" class=\"img-responsive\" width=\"1336\" height=\"675\"><span class=\"thumb-info-title\"><span class=\"thumb-info-inner\">CARPET SQUEEZE MACHINE<em><\/em><\/span><span class=\"thumb-info-type\">BOMS MACHINE<\/span><\/span><span class=\"thumb-info-action\"><span class=\"thumb-info-action-icon\"><i class=\"fas fa-link\"><\/i><\/span><\/span><\/span><\/a><\/div><\/div><\/div><\/div><\/div><\/div><\/div>\n<\/section>","protected":false},"excerpt":{"rendered":"OTOMAT\u0130K HALI YIKAMA MAK\u0130NES\u0130BOMS MAK\u0130NEHALI HAV ALMA - PAKETLEME MAK\u0130NES\u0130BOMS MAK\u0130NEHALI \u00c7IRPMA ve TOZ ALMA MAK\u0130NES\u0130BOMS MAK\u0130NEHALI SIKMA MAK\u0130NES\u0130BOMS MAK\u0130NE","protected":false},"author":1,"featured_media":0,"parent":0,"menu_order":0,"comment_status":"closed","ping_status":"closed","template":"","meta":{"footnotes":""},"class_list":["post-4431","page","type-page","status-publish","hentry"],"_links":{"self":[{"href":"https:\/\/www.bomsmakine.com\/en\/wp-json\/wp\/v2\/pages\/4431","targetHints":{"allow":["GET"]}}],"collection":[{"href":"https:\/\/www.bomsmakine.com\/en\/wp-json\/wp\/v2\/pages"}],"about":[{"href":"https:\/\/www.bomsmakine.com\/en\/wp-json\/wp\/v2\/types\/page"}],"author":[{"embeddable":true,"href":"https:\/\/www.bomsmakine.com\/en\/wp-json\/wp\/v2\/users\/1"}],"replies":[{"embeddable":true,"href":"https:\/\/www.bomsmakine.com\/en\/wp-json\/wp\/v2\/comments?post=4431"}],"version-history":[{"count":11,"href":"https:\/\/www.bomsmakine.com\/en\/wp-json\/wp\/v2\/pages\/4431\/revisions"}],"predecessor-version":[{"id":4626,"href":"https:\/\/www.bomsmakine.com\/en\/wp-json\/wp\/v2\/pages\/4431\/revisions\/4626"}],"wp:attachment":[{"href":"https:\/\/www.bomsmakine.com\/en\/wp-json\/wp\/v2\/media?parent=4431"}],"curies":[{"name":"wp","href":"https:\/\/api.w.org\/{rel}","templated":true}]}}