{"id":4569,"date":"2024-08-17T07:52:13","date_gmt":"2024-08-17T07:52:13","guid":{"rendered":"https:\/\/www.bomsmakine.com\/?page_id=4569"},"modified":"2024-08-18T08:03:44","modified_gmt":"2024-08-18T08:03:44","slug":"hali-sikma-makinesi","status":"publish","type":"page","link":"https:\/\/www.bomsmakine.com\/en\/urunler\/hali-sikma-makinesi\/","title":{"rendered":"Carpet Extraction Machine"},"content":{"rendered":"<section class=\"wpb-content-wrapper\"><div class=\"vc_row wpb_row top-row porto-inner-container\"><div class=\"porto-wrap-container container\"><div class=\"row\"><div class=\"vc_column_container col-md-12\"><div class=\"wpb_wrapper vc_column-inner\">\r\n\t<div class=\"wpb_single_image wpb_content_element vc_align_center\">\r\n\t\t<div class=\"wpb_wrapper\">\r\n\t\t\t\r\n\t\t\t<div class=\"vc_single_image-wrapper   vc_box_border_grey\"><img loading=\"lazy\" decoding=\"async\" width=\"1336\" height=\"675\" src=\"https:\/\/www.bomsmakine.com\/wp-content\/uploads\/2024\/08\/Hali-Sikma-Makinesi-1.jpg\" class=\"vc_single_image-img attachment-full\" alt=\"Hal\u0131 S\u0131kma Makinesi\" title=\"Carpet Extraction Machine\" srcset=\"https:\/\/www.bomsmakine.com\/wp-content\/uploads\/2024\/08\/Hali-Sikma-Makinesi-1.jpg 1336w, https:\/\/www.bomsmakine.com\/wp-content\/uploads\/2024\/08\/Hali-Sikma-Makinesi-1-1024x517.jpg 1024w, https:\/\/www.bomsmakine.com\/wp-content\/uploads\/2024\/08\/Hali-Sikma-Makinesi-1-768x388.jpg 768w, https:\/\/www.bomsmakine.com\/wp-content\/uploads\/2024\/08\/Hali-Sikma-Makinesi-1-640x323.jpg 640w, https:\/\/www.bomsmakine.com\/wp-content\/uploads\/2024\/08\/Hali-Sikma-Makinesi-1-400x202.jpg 400w\" sizes=\"auto, (max-width: 1336px) 100vw, 1336px\" \/><\/div>\r\n\t\t<\/div>\r\n\t<\/div>\r\n<\/div><\/div><div class=\"vc_column_container col-md-12\"><div class=\"wpb_wrapper vc_column-inner\"><div class=\"vc_row wpb_row vc_inner row\"><div class=\"vc_column_container col-md-3\"><div class=\"wpb_wrapper vc_column-inner\"><\/div><\/div><div class=\"vc_column_container col-md-3\"><div class=\"wpb_wrapper vc_column-inner\"><style>#porto-info-list89495033869ee14dd23402 i { color: #2b2278;font-size: 20px; }<\/style><ul id=\"porto-info-list89495033869ee14dd23402\" class=\"porto-info-list\"><li class=\"porto-info-list-item\"><i class=\"porto-info-icon fas fa-check-circle\"><\/i><div class=\"porto-info-list-item-desc\" style=\"font-size: 18px;\"><b>Bellows Inner Drum<\/b><\/div><\/li><\/ul><\/div><\/div><div class=\"vc_column_container col-md-3\"><div class=\"wpb_wrapper vc_column-inner\"><style>#porto-info-list121177238269ee14dd23a26 i { color: #2b2278;font-size: 20px; }<\/style><ul id=\"porto-info-list121177238269ee14dd23a26\" class=\"porto-info-list\"><li class=\"porto-info-list-item\"><i class=\"porto-info-icon fas fa-check-circle\"><\/i><div class=\"porto-info-list-item-desc\" style=\"font-size: 18px;\"><b>Outer Surface: <\/b>Painted Chrome<\/div><\/li><\/ul><\/div><\/div><div class=\"vc_column_container col-md-3\"><div class=\"wpb_wrapper vc_column-inner\"><\/div><\/div><\/div><div class=\"vc_row wpb_row vc_inner row\"><div class=\"vc_column_container col-md-4\"><div class=\"wpb_wrapper vc_column-inner\"><\/div><\/div><div class=\"vc_column_container col-md-4\"><div class=\"wpb_wrapper vc_column-inner\">\r\n\t<div class=\"wpb_single_image wpb_content_element vc_align_center\">\r\n\t\t<div class=\"wpb_wrapper\">\r\n\t\t\t\r\n\t\t\t<div class=\"vc_single_image-wrapper   vc_box_border_grey\"><img loading=\"lazy\" decoding=\"async\" width=\"877\" height=\"616\" src=\"https:\/\/www.bomsmakine.com\/wp-content\/uploads\/2024\/08\/markalar.png\" class=\"vc_single_image-img attachment-full\" alt=\"\" title=\"\" srcset=\"https:\/\/www.bomsmakine.com\/wp-content\/uploads\/2024\/08\/markalar.png 877w, https:\/\/www.bomsmakine.com\/wp-content\/uploads\/2024\/08\/markalar-768x539.png 768w, https:\/\/www.bomsmakine.com\/wp-content\/uploads\/2024\/08\/markalar-640x450.png 640w, https:\/\/www.bomsmakine.com\/wp-content\/uploads\/2024\/08\/markalar-400x281.png 400w\" sizes=\"auto, (max-width: 877px) 100vw, 877px\" \/><\/div>\r\n\t\t<\/div>\r\n\t<\/div>\r\n<\/div><\/div><div class=\"vc_column_container col-md-4\"><div class=\"wpb_wrapper vc_column-inner\"><\/div><\/div><\/div><\/div><\/div><\/div><\/div><\/div>\n<\/section>","protected":false},"excerpt":{"rendered":"K\u00f6r\u00fckl\u00fc \u0130\u00e7 TamburD\u0131\u015f Y\u00fczey: Krom Boyal\u0131","protected":false},"author":1,"featured_media":0,"parent":4431,"menu_order":0,"comment_status":"closed","ping_status":"closed","template":"","meta":{"footnotes":""},"class_list":["post-4569","page","type-page","status-publish","hentry"],"_links":{"self":[{"href":"https:\/\/www.bomsmakine.com\/en\/wp-json\/wp\/v2\/pages\/4569","targetHints":{"allow":["GET"]}}],"collection":[{"href":"https:\/\/www.bomsmakine.com\/en\/wp-json\/wp\/v2\/pages"}],"about":[{"href":"https:\/\/www.bomsmakine.com\/en\/wp-json\/wp\/v2\/types\/page"}],"author":[{"embeddable":true,"href":"https:\/\/www.bomsmakine.com\/en\/wp-json\/wp\/v2\/users\/1"}],"replies":[{"embeddable":true,"href":"https:\/\/www.bomsmakine.com\/en\/wp-json\/wp\/v2\/comments?post=4569"}],"version-history":[{"count":7,"href":"https:\/\/www.bomsmakine.com\/en\/wp-json\/wp\/v2\/pages\/4569\/revisions"}],"predecessor-version":[{"id":4618,"href":"https:\/\/www.bomsmakine.com\/en\/wp-json\/wp\/v2\/pages\/4569\/revisions\/4618"}],"up":[{"embeddable":true,"href":"https:\/\/www.bomsmakine.com\/en\/wp-json\/wp\/v2\/pages\/4431"}],"wp:attachment":[{"href":"https:\/\/www.bomsmakine.com\/en\/wp-json\/wp\/v2\/media?parent=4569"}],"curies":[{"name":"wp","href":"https:\/\/api.w.org\/{rel}","templated":true}]}}