{"id":9,"date":"2021-02-10T02:33:13","date_gmt":"2021-02-10T02:33:13","guid":{"rendered":"http:\/\/sw-themes.com\/porto_dummy\/?page_id=9"},"modified":"2024-08-18T08:12:54","modified_gmt":"2024-08-18T08:12:54","slug":"home","status":"publish","type":"page","link":"https:\/\/www.bomsmakine.com\/en\/","title":{"rendered":"Home"},"content":{"rendered":"<section class=\"wpb-content-wrapper\"><div data-vc-full-width=\"true\" data-vc-full-width-init=\"false\" data-vc-stretch-content=\"true\" class=\"vc_row wpb_row row top-row vc_row-no-padding\"><div class=\"vc_column_container col-md-12\"><div class=\"wpb_wrapper vc_column-inner\">\n\t\t\t<!-- START Home Slider REVOLUTION SLIDER 6.6.10 --><p class=\"rs-p-wp-fix\"><\/p>\n\t\t\t<rs-module-wrap id=\"rev_slider_2_1_wrapper\" data-source=\"gallery\" style=\"visibility:hidden;background:#444444;padding:0;margin:0px auto;margin-top:0;margin-bottom:0;\">\n\t\t\t\t<rs-module id=\"rev_slider_2_1\" style=\"\" data-version=\"6.6.10\">\n\t\t\t\t\t<rs-slides style=\"overflow: hidden; position: absolute;\">\n\t\t\t\t\t\t<rs-slide style=\"position: absolute;\" data-key=\"rs-3\" data-title=\"Slide\" data-anim=\"ms:600;\" data-in=\"o:0;\" data-out=\"a:false;\">\n\t\t\t\t\t\t\t<img decoding=\"async\" src=\"\/\/www.bomsmakine.com\/wp-content\/plugins\/revslider\/public\/assets\/assets\/dummy.png\" alt=\"\" title=\"Boms-Makine_3.jpeg\" width=\"960\" height=\"540\" class=\"rev-slidebg tp-rs-img rs-lazyload\" data-lazyload=\"\/\/www.bomsmakine.com\/wp-content\/uploads\/revslider\/video-media\/Boms-Makine_3.jpeg\" data-no-retina>\n\t\t\t\t\t\t\t<rs-bgvideo \n\t\t\t\t\t\t\t\tdata-video=\"w:100%;h:100%;nse:false;l:true;ptimer:false;vfc:true;\"\n\t\t\t\t\t\t\t\tdata-mp4=\"\/\/www.bomsmakine.com\/wp-content\/uploads\/2024\/08\/Boms-Makine.mp4\"\n\t\t\t\t\t\t\t><\/rs-bgvideo>\n<!---->\t\t\t\t\t\t<\/rs-slide>\n\t\t\t\t\t<\/rs-slides>\n\t\t\t\t<\/rs-module>\n\t\t\t\t<script>\n\t\t\t\t\tsetREVStartSize({c: 'rev_slider_2_1',rl:[1240,1240,1240,480],el:[900,900,900,620],gw:[1920,1920,1920,500],gh:[900,900,900,600],type:'standard',justify:'',layout:'fullwidth',mh:\"0\"});if (window.RS_MODULES!==undefined && window.RS_MODULES.modules!==undefined && window.RS_MODULES.modules[\"revslider21\"]!==undefined) {window.RS_MODULES.modules[\"revslider21\"].once = false;window.revapi2 = undefined;if (window.RS_MODULES.checkMinimal!==undefined) window.RS_MODULES.checkMinimal()}\n\t\t\t\t<\/script>\n\t\t\t<\/rs-module-wrap>\n\t\t\t<!-- END REVOLUTION SLIDER -->\n<\/div><\/div><\/div><div class=\"vc_row-full-width vc_clearfix\"><\/div><div id=\"aboutus\" class=\"vc_row wpb_row top-row vc_custom_1723039712169 porto-inner-container\"><div class=\"porto-wrap-container container\"><div class=\"row align-items-center\"><div class=\"vc_column_container col-md-12\"><div class=\"wpb_wrapper vc_column-inner\"><div class=\"vc_empty_space\"   style=\"height: 32px\"><span class=\"vc_empty_space_inner\"><\/span><\/div><div class=\"vc_row wpb_row vc_inner row\"><div class=\"vc_column_container col-md-4\"><div class=\"wpb_wrapper vc_column-inner\"><div class=\"stats-block stats-top  counter-primary  wpb_custom_a517333ace5b1666c6af8bd4684f1de9\"><div class=\"porto-sicon-top\"><div id=\"porto-icon-155822901769edfc93c1a87\" class=\"porto-just-icon-wrapper porto-sicon-img\" style=\"font-size: 80px;\"><img loading=\"lazy\" decoding=\"async\" class=\"img-icon\" alt=\"\" src=\"https:\/\/www.bomsmakine.com\/wp-content\/uploads\/2024\/08\/ihracat-1.svg\" width=\"64\" height=\"64\" \/><\/div><\/div><div class=\"stats-desc\"><div id=\"counter_25466662069edfc93c1b45\" data-id=\"counter_25466662069edfc93c1b45\" class=\"stats-number\" style=\"font-size:50px; color:#000000;\" data-speed=\"3\" data-counter-value=\"25\" data-separator=\",\" data-decimal=\".\">0<\/div><div class=\"counter_suffix mycust\" style=\"font-size:50px; color:#575656\">+<\/div><div class=\"stats-text\" style=\"color:#000000;font-size:20px;\">Countries Of Export<\/div><\/div><\/div><\/div><\/div><div class=\"vc_column_container col-md-4\"><div class=\"wpb_wrapper vc_column-inner\"><div class=\"stats-block stats-top  counter-primary  wpb_custom_a517333ace5b1666c6af8bd4684f1de9\"><div class=\"porto-sicon-top\"><div id=\"porto-icon-172954745469edfc93c29c7\" class=\"porto-just-icon-wrapper porto-sicon-img\" style=\"font-size: 80px;\"><img loading=\"lazy\" decoding=\"async\" class=\"img-icon\" alt=\"\" src=\"https:\/\/www.bomsmakine.com\/wp-content\/uploads\/2024\/08\/personel.svg\" width=\"512\" height=\"512\" \/><\/div><\/div><div class=\"stats-desc\"><div id=\"counter_167338646569edfc93c2a87\" data-id=\"counter_167338646569edfc93c2a87\" class=\"stats-number\" style=\"font-size:50px; color:#000000;\" data-speed=\"3\" data-counter-value=\"15\" data-separator=\",\" data-decimal=\".\">0<\/div><div class=\"counter_suffix mycust\" style=\"font-size:50px; color:#575656\">+<\/div><div class=\"stats-text\" style=\"color:#000000;font-size:20px;\">Expert Staff<\/div><\/div><\/div><\/div><\/div><div class=\"vc_column_container col-md-4\"><div class=\"wpb_wrapper vc_column-inner\"><div class=\"stats-block stats-top  counter-primary  wpb_custom_a517333ace5b1666c6af8bd4684f1de9\"><div class=\"porto-sicon-top\"><div id=\"porto-icon-117484781069edfc93c367f\" class=\"porto-just-icon-wrapper porto-sicon-img\" style=\"font-size: 80px;\"><img loading=\"lazy\" decoding=\"async\" class=\"img-icon\" alt=\"\" src=\"https:\/\/www.bomsmakine.com\/wp-content\/uploads\/2024\/08\/tecrube.svg\" width=\"682\" height=\"682\" \/><\/div><\/div><div class=\"stats-desc\"><div id=\"counter_94010290569edfc93c3713\" data-id=\"counter_94010290569edfc93c3713\" class=\"stats-number\" style=\"font-size:50px; color:#000000;\" data-speed=\"3\" data-counter-value=\"16\" data-separator=\",\" data-decimal=\".\">0<\/div><div class=\"counter_suffix mycust\" style=\"font-size:50px; color:#575656\">+<\/div><div class=\"stats-text\" style=\"color:#000000;font-size:20px;\">Years of Sector Experience<\/div><\/div><\/div><\/div><\/div><\/div><\/div><\/div><\/div><\/div><\/div><div id=\"aboutus\" class=\"vc_row wpb_row top-row align-items-xl-center mt-5 porto-inner-container\"><div class=\"porto-wrap-container container\"><div class=\"row align-items-center\"><div class=\"ps-lg-4 ps-xl-5 m-t-n-sm vc_column_container col-md-12 col-lg-6\"><div class=\"wpb_wrapper vc_column-inner\"><h4 style=\"font-size: 16.8px;line-height: 1.5;letter-spacing:2.5px\" data-appear-animation=\"fadeInUp\" data-appear-animation-delay=\"100\" class=\"vc_custom_heading custom-highlight-1 custom-weight-1 text-primary mb-2 pt-4 align-left\" ><strong>BOMS MACHINERY INDUSTRY<\/strong><\/h4><h3 style=\"font-size: 35px;line-height: 1.3;font-weight:600;letter-spacing:-.05em\" data-appear-animation=\"fadeInUp\" data-appear-animation-delay=\"250\" class=\"vc_custom_heading text-dark mb-3 pb-1 align-left\" >About Us<\/h3><p style=\"font-size: 15.4px;text-align: justify\" data-appear-animation=\"fadeInUp\" data-appear-animation-delay=\"500\" class=\"vc_custom_heading pb-2 mb-lg-2 mb-xl-4\" >Our team of professionals and experienced carpet cleaning staff our carpet cleaning machines and equipment in recent years, with emerging sector, we manufacture about. Better quality and passing in front of many companies in the industry by being solution-oriented strive towards.<\/p><p style=\"font-size: 15.4px;text-align: justify\" data-appear-animation=\"fadeInUp\" data-appear-animation-delay=\"500\" class=\"vc_custom_heading pb-2 mb-lg-2 mb-xl-4\" >The last time we have a portfolio of local and National a lot of sense in a larger audience we are constantly working to respond to.<\/p><div class=\"vc_btn3-container  custom-btn-style-1 custom-btn-primary mb-0 vc_btn3-inline\" >\r\n\t<a  data-appear-animation=\"fadeInUp\"  data-appear-animation-delay=\"1000\" class=\"vc_btn3 vc_btn3-shape-default wpb_custom_6687b26f39488ddbb85ddb3c1ce8e111 btn btn-md btn-primary\" style=\"font-size:15.4px; font-weight:600; padding:12px 28px;\" href=\"https:\/\/www.bomsmakine.com\/en\/hakkimizda\/\" title=\"About Us\">Read More<\/a>\t<\/div>\r\n<div class=\"vc_empty_space\"   style=\"height: 32px\"><span class=\"vc_empty_space_inner\"><\/span><\/div><\/div><\/div><div class=\"mb-5 mb-lg-0 vc_column_container col-md-10 col-lg-6\"><div class=\"wpb_wrapper vc_column-inner\">\r\n\t<div class=\"wpb_single_image wpb_content_element vc_align_left\" data-appear-animation=\"fadeInUp\" data-appear-animation-delay=\"120\">\r\n\t\t<div class=\"wpb_wrapper\">\r\n\t\t\t\r\n\t\t\t<div class=\"vc_single_image-wrapper vc_box_shadow_border  vc_box_border_grey\"><img loading=\"lazy\" decoding=\"async\" width=\"700\" height=\"575\" src=\"https:\/\/www.bomsmakine.com\/wp-content\/uploads\/2024\/08\/hakkimizda.jpg\" class=\"vc_single_image-img attachment-full\" alt=\"\" title=\"\" srcset=\"https:\/\/www.bomsmakine.com\/wp-content\/uploads\/2024\/08\/hakkimizda.jpg 700w, https:\/\/www.bomsmakine.com\/wp-content\/uploads\/2024\/08\/hakkimizda-640x526.jpg 640w, https:\/\/www.bomsmakine.com\/wp-content\/uploads\/2024\/08\/hakkimizda-400x329.jpg 400w\" sizes=\"auto, (max-width: 700px) 100vw, 700px\" \/><\/div>\r\n\t\t<\/div>\r\n\t<\/div>\r\n<\/div><\/div><\/div><\/div><\/div><section class=\"vc_section section-with-shape-divider\"><div class=\"shape-divider\" style=\"height:123px;\"><svg xmlns=\"http:\/\/www.w3.org\/2000\/svg\" xmlns:xlink=\"http:\/\/www.w3.org\/1999\/xlink\" preserveaspectratio=\"none\" viewbox=\"0 0 1920 123\" x=\"0px\" y=\"0px\"><polygon fill=\"#F3F3F3\" points=\"0,90 221,60 563,88 931,35 1408,93 1920,41 1920,-1 0,-1 \">    <\/polygon><polygon fill=\"#FFFFFF\" points=\"0,75 219,44 563,72 930,19 1408,77 1920,25 1920,-1 0,-1 \">    <\/polygon><\/svg><\/div><div class=\"vc_row wpb_row top-row position-relative pb-5 vc_custom_1613050388638 vc_row-has-fill porto-inner-container\"><div class=\"porto-wrap-container container\"><div class=\"row\"><div class=\"mx-auto vc_column_container col-md-12 col-xl-10 col-lg-11\"><div class=\"wpb_wrapper vc_column-inner\"><h4 style=\"font-size: 16.8px;line-height: 1.5;text-align: center;letter-spacing:2.5px\" data-appear-animation=\"fadeInUp\" data-appear-animation-delay=\"100\" class=\"vc_custom_heading custom-highlight-1 custom-weight-1 text-primary mb-2 pt-4\" ><strong>BOMS MACHINERY INDUSTRY<\/strong><\/h4><h3 style=\"font-size: 35px;line-height: 1.3;text-align: center;font-weight:600;letter-spacing:-.05em\" data-appear-animation=\"fadeInUp\" data-appear-animation-delay=\"250\" class=\"vc_custom_heading text-dark mb-3 pb-1\" >Products<\/h3><\/div><\/div><div class=\"vc_column_container col-md-12\"><div class=\"wpb_wrapper vc_column-inner\"><div class=\"vc_row wpb_row vc_inner row\"><div class=\"vc_column_container col-md-6\"><div class=\"wpb_wrapper vc_column-inner\"><div class=\"porto-image-frame\"><div class=\"thumb-info thumb-info-hide-wrapper-bg thumb-info-box-shadow\"><a href=\"https:\/\/www.bomsmakine.com\/en\/urunler\/otomatik-hali-yikama-makinesi\/\" title=\"Automatic Carpet Washing Machine\" target=\"_self\"><span class=\"thumb-info-wrapper\"><img loading=\"lazy\" decoding=\"async\" alt=\"Otomatik Hal\u0131 Y\u0131kama Makinesi\" src=\"\/\/www.bomsmakine.com\/wp-content\/uploads\/2024\/08\/otomatik-hali-yikama-makinesi-1-4.jpg\" class=\"img-responsive\" width=\"1336\" height=\"675\"><span class=\"thumb-info-title\"><span class=\"thumb-info-inner\">AUTOMATIC CARPET WASHING MACHINE<em><\/em><\/span><span class=\"thumb-info-type\">BOMS MACHINE<\/span><\/span><span class=\"thumb-info-action\"><span class=\"thumb-info-action-icon\"><i class=\"fas fa-link\"><\/i><\/span><\/span><\/span><\/a><\/div><\/div><\/div><\/div><div class=\"vc_column_container col-md-6\"><div class=\"wpb_wrapper vc_column-inner\"><div class=\"porto-image-frame\"><div class=\"thumb-info thumb-info-hide-wrapper-bg thumb-info-box-shadow\"><a href=\"https:\/\/www.bomsmakine.com\/en\/urunler\/hali-hav-alma-paketleme-makinesi\/\" title=\"Receiving Pile Carpet \u2013 Packaging Machine\" target=\"_self\"><span class=\"thumb-info-wrapper\"><img loading=\"lazy\" decoding=\"async\" alt=\"Hal\u0131 Hav-Alma &amp; Paketleme Makinesi\" src=\"\/\/www.bomsmakine.com\/wp-content\/uploads\/2024\/08\/Hali-Hav-Alma-Paketleme-Makinesi-1-1.jpg\" class=\"img-responsive\" width=\"1336\" height=\"675\"><span class=\"thumb-info-title\"><span class=\"thumb-info-inner\">CARPET FLUFFING - PACKAGING MACHINE<em><\/em><\/span><span class=\"thumb-info-type\">BOMS MACHINE<\/span><\/span><span class=\"thumb-info-action\"><span class=\"thumb-info-action-icon\"><i class=\"fas fa-link\"><\/i><\/span><\/span><\/span><\/a><\/div><\/div><\/div><\/div><\/div><div class=\"vc_row wpb_row vc_inner row\"><div class=\"vc_column_container col-md-6\"><div class=\"wpb_wrapper vc_column-inner\"><div class=\"porto-image-frame\"><div class=\"thumb-info thumb-info-hide-wrapper-bg thumb-info-box-shadow\"><a href=\"https:\/\/www.bomsmakine.com\/en\/urunler\/hali-cirpma-ve-toz-alma-makinesi\/\" title=\"Flapping and carpet dusting Machine\" target=\"_self\"><span class=\"thumb-info-wrapper\"><img loading=\"lazy\" decoding=\"async\" alt=\"Hal\u0131 \u00c7\u0131rpma ve Toz Alma Makinesi\" src=\"\/\/www.bomsmakine.com\/wp-content\/uploads\/2024\/08\/Hali-Cirpma-ve-Toz-Alma-Makinesi-1.jpg\" class=\"img-responsive\" width=\"1336\" height=\"675\"><span class=\"thumb-info-title\"><span class=\"thumb-info-inner\">CARPET BEATING &amp; DUSTING MACHINE<em><\/em><\/span><span class=\"thumb-info-type\">BOMS MACHINE<\/span><\/span><span class=\"thumb-info-action\"><span class=\"thumb-info-action-icon\"><i class=\"fas fa-link\"><\/i><\/span><\/span><\/span><\/a><\/div><\/div><\/div><\/div><div class=\"vc_column_container col-md-6\"><div class=\"wpb_wrapper vc_column-inner\"><div class=\"porto-image-frame\"><div class=\"thumb-info thumb-info-hide-wrapper-bg thumb-info-box-shadow\"><a href=\"https:\/\/www.bomsmakine.com\/en\/urunler\/hali-sikma-makinesi\/\" title=\"Carpet Extraction Machine\" target=\"_self\"><span class=\"thumb-info-wrapper\"><img loading=\"lazy\" decoding=\"async\" alt=\"Hal\u0131 S\u0131kma Makinesi\" src=\"\/\/www.bomsmakine.com\/wp-content\/uploads\/2024\/08\/Hali-Sikma-Makinesi-1.jpg\" class=\"img-responsive\" width=\"1336\" height=\"675\"><span class=\"thumb-info-title\"><span class=\"thumb-info-inner\">CARPET SQUEEZE MACHINE<em><\/em><\/span><span class=\"thumb-info-type\">BOMS MACHINE<\/span><\/span><span class=\"thumb-info-action\"><span class=\"thumb-info-action-icon\"><i class=\"fas fa-link\"><\/i><\/span><\/span><\/span><\/a><\/div><\/div><\/div><\/div><\/div><\/div><\/div><\/div><\/div><\/div><\/section><section class=\"vc_section custom-divider section-with-shape-divider\"><div class=\"shape-divider shape-divider-reverse-x\" style=\"height:100px;\"><svg xmlns=\"http:\/\/www.w3.org\/2000\/svg\" xmlns:xlink=\"http:\/\/www.w3.org\/1999\/xlink\" preserveaspectratio=\"none\" viewbox=\"0 0 1920 102\" x=\"0px\" y=\"0px\"><polygon fill=\"#F3F3F3\" points=\"0,65 220,35 562,63 931,10 1410,68 1920,16 1920,103 0,103 \">    <\/polygon><polygon fill=\"#EDEDED\" points=\"0,82 219,51 562,78 931,26 1409,83 1920,32 1920,103 0,103 \">    <\/polygon><\/svg><\/div><div class=\"vc_row wpb_row top-row position-relative overflow-hidden custom-banner-size vc_custom_1653100155002 vc_row-has-fill porto-inner-container\"><div class=\"porto-wrap-container container\"><div class=\"row\"><div class=\"align-self-center vc_column_container col-md-6\"><div class=\"wpb_wrapper vc_column-inner\"><h2 style=\"font-size: 8.5em;line-height: 1;font-weight:700;letter-spacing:-0.05em\" data-plugin-float-element data-plugin-options=\"{&quot;startPos&quot;:&quot;top&quot;,&quot;speed&quot;:&quot;9.6&quot;,&quot;transition&quot;:true,&quot;horizontal&quot;:true,&quot;transitionDuration&quot;:1000}\" class=\"vc_custom_heading position-relative z-index-3 pe-xl-5 me-3 mb-0 d-none d-lg-block custom-text-background ws-nowrap float-xl-end vc_custom_1723038891078 align-left\" >BOMS MACHINE<\/h2><\/div><\/div><div class=\"vc_column_container col-md-12 col-lg-6\"><div class=\"wpb_wrapper vc_column-inner\"><h3 style=\"font-size: 35px;line-height: 1.3;font-weight:500;letter-spacing:0\" data-appear-animation=\"fadeInUp\" data-appear-animation-delay=\"250\" class=\"vc_custom_heading text-white mb-3 pb-1 align-left\" >Why Choose Us?<\/h3><p style=\"font-size: 15.4px\" data-appear-animation=\"fadeInUp\" data-appear-animation-delay=\"500\" class=\"vc_custom_heading pb-1 mb-4 align-left\" >Boms machine, as we carefully produce every machine designing, and we produce according to the industry&#039;s highest quality standards. The performance and durability of our machines over the years allows it to be used with confidence.<\/p><div class=\"porto-sicon-box pb-1 m-b-sm ps-0 pe-lg-5  wpb_custom_1efe903570d178ff0a9b7bfa5febd3a4 style_1 default-icon\" data-appear-animation=\"fadeInUp\" data-appear-animation-delay=\"750\"><div class=\"porto-sicon-default\"><div class=\"porto-just-icon-wrapper porto-icon advanced\" style=\"color:#ffffff;background:#5a6267;width:48px;height:48px;line-height:48px;border-radius:500px;font-size:16.8px;margin-right:17px;\"><i class=\"fas fa-check\"><\/i><\/div><\/div><div class=\"porto-sicon-header\"><h3 class=\"porto-sicon-title\" style=\"font-weight:400;font-size:15.4px;line-height:24px;letter-spacing:0;color:#777777;\">100 %domestic production: domestic production and we use all the materials we are proud to contribute to our country. Thanks to domestic production, we offer quality and reliability at a reasonable cost.<\/h3><\/div> <!-- header --><\/div><!-- porto-sicon-box --><div class=\"porto-sicon-box pb-1 m-b-sm ps-0 pe-lg-5  wpb_custom_1efe903570d178ff0a9b7bfa5febd3a4 style_1 default-icon\" data-appear-animation=\"fadeInUp\" data-appear-animation-delay=\"1000\"><div class=\"porto-sicon-default\"><div class=\"porto-just-icon-wrapper porto-icon advanced\" style=\"color:#ffffff;background:#5a6267;width:48px;height:48px;line-height:48px;border-radius:500px;font-size:16.8px;margin-right:17px;\"><i class=\"fas fa-check\"><\/i><\/div><\/div><div class=\"porto-sicon-header\"><h3 class=\"porto-sicon-title\" style=\"font-weight:400;font-size:15.4px;line-height:24px;letter-spacing:0;color:#777777;\">Wide product range: we offer a wide range of products to meet your needs. Auto carpet cleaning machine, carpet machine, taking the pile and packaging each product is designed to make your business more efficient and effective.<\/h3><\/div> <!-- header --><\/div><!-- porto-sicon-box --><div class=\"porto-sicon-box m-b-sm ps-0 pe-lg-5  wpb_custom_1efe903570d178ff0a9b7bfa5febd3a4 style_1 default-icon\" data-appear-animation=\"fadeInUp\" data-appear-animation-delay=\"1250\"><div class=\"porto-sicon-default\"><div class=\"porto-just-icon-wrapper porto-icon advanced\" style=\"color:#ffffff;background:#5a6267;width:48px;height:48px;line-height:48px;border-radius:500px;font-size:16.8px;margin-right:17px;\"><i class=\"fas fa-check\"><\/i><\/div><\/div><div class=\"porto-sicon-header\"><h3 class=\"porto-sicon-title\" style=\"font-weight:400;font-size:15.4px;line-height:24px;letter-spacing:0;color:#777777;\">Warranty and support: we offer comprehensive warranty and technical support for the aftermarket with our services to ensure your machines are always in the best condition. During the warranty period and afterwards we are with.<\/h3><\/div> <!-- header --><\/div><!-- porto-sicon-box --><div class=\"porto-sicon-box m-b-sm ps-0 pe-lg-5  wpb_custom_1efe903570d178ff0a9b7bfa5febd3a4 style_1 default-icon\" data-appear-animation=\"fadeInUp\" data-appear-animation-delay=\"1500\"><div class=\"porto-sicon-default\"><div class=\"porto-just-icon-wrapper porto-icon advanced\" style=\"color:#ffffff;background:#5a6267;width:48px;height:48px;line-height:48px;border-radius:500px;font-size:16.8px;margin-right:17px;\"><i class=\"fas fa-check\"><\/i><\/div><\/div><div class=\"porto-sicon-header\"><h3 class=\"porto-sicon-title\" style=\"font-weight:400;font-size:15.4px;line-height:24px;letter-spacing:0;color:#777777;\">Leadership in the sector: the industry is closely following the latest developments in continuous development and innovation, we aim to be leading with. Our goal isn&#039;t just to sell product to our customers is to become a leading brand.<\/h3><\/div> <!-- header --><\/div><!-- porto-sicon-box --><\/div><\/div><div data-vc-parallax=\"1.2\" data-vc-parallax-image=\"https:\/\/www.bomsmakine.com\/wp-content\/uploads\/2021\/02\/parallax-1.jpg\" class=\"overlay-color-primary custom-overlay d-none d-lg-block vc_column_container col-md-6 vc_general vc_parallax vc_parallax-content-moving\"><div class=\"wpb_wrapper vc_column-inner\"><\/div><\/div><\/div><\/div><\/div><\/section><div class=\"vc_row wpb_row top-row vc_custom_1702118390424 vc_row-has-fill porto-inner-container\"><div class=\"porto-wrap-container container\"><div class=\"row\"><div class=\"vc_column_container col-md-12\"><div class=\"wpb_wrapper vc_column-inner\"><h4 style=\"font-size: 16.8px;line-height: 1.5;text-align: center;letter-spacing:2.5px\" data-appear-animation=\"fadeInUp\" data-appear-animation-delay=\"100\" class=\"vc_custom_heading custom-highlight-1 custom-weight-1 text-primary mb-2 pt-4\" ><strong>BOMS MACHINERY INDUSTRY<\/strong><\/h4><h3 style=\"font-size: 35px;line-height: 1.3;text-align: center;font-weight:600;letter-spacing:-1.75px\" data-appear-animation=\"fadeInUp\" data-appear-animation-delay=\"250\" class=\"vc_custom_heading text-dark mb-4 pb-3\" >Social Media<\/h3><\/div><\/div><div class=\"mx-auto vc_column_container col-md-12 col-lg-11\" data-appear-animation=\"fadeInUp\" data-appear-animation-delay=\"750\"><div class=\"wpb_wrapper vc_column-inner\">\n\t<div class=\"wpb_text_column wpb_content_element\" >\n\t\t<div class=\"wpb_wrapper\">\n\t\t\t\n<div id=\"esf-insta-feed\"\n\t class=\"esf-insta-wrap esf_insta_feed_wraper esf-instagram-type-personal   esf-insta-skin-4415 esf-insta-\">\n\t                <p class=\"esf_insta_error_msg\">Error: \t\t\t\t\tError validating application                <\/p>\n\t\t\t\n\t\t<\/div>\n\n\n\t\t<\/div>\n\t<\/div>\n<\/div><\/div><\/div><\/div><\/div>\n<\/section>","protected":false},"excerpt":{"rendered":"0+\u00dclkeye \u0130hracat0+Uzman Personel0+Y\u0131l\u0131k Sekt\u00f6r Tecr\u00fcbesiBOMS MAK\u0130NE SANAY\u0130Hakk\u0131m\u0131zdaProfesyonel ekip ve tecr\u00fcbeli personelimizle son y\u0131llar\u0131n geli\u015fmekte olan sekt\u00f6r\u00fc hal\u0131 y\u0131kama konusunda hal\u0131 y\u0131kama makinas\u0131 ve ekipmanlar\u0131 \u00fcretmekteyiz. Sekt\u00f6rdeki bir\u00e7ok firman\u0131n \u00f6n\u00fcne ge\u00e7erek daha kaliteli ve \u00e7\u00f6z\u00fcm odakl\u0131 olma yolunda \u00e7aba harcamaktay\u0131z.Yerel ve ulusal anlamda bir \u00e7ok portf\u00f6ye sahibiz ge\u00e7en zaman i\u00e7erisinde daha da b\u00fcy\u00fck kitlelere cevap vermek [...]","protected":false},"author":1,"featured_media":0,"parent":0,"menu_order":0,"comment_status":"closed","ping_status":"closed","template":"","meta":{"footnotes":""},"class_list":["post-9","page","type-page","status-publish","hentry"],"_links":{"self":[{"href":"https:\/\/www.bomsmakine.com\/en\/wp-json\/wp\/v2\/pages\/9","targetHints":{"allow":["GET"]}}],"collection":[{"href":"https:\/\/www.bomsmakine.com\/en\/wp-json\/wp\/v2\/pages"}],"about":[{"href":"https:\/\/www.bomsmakine.com\/en\/wp-json\/wp\/v2\/types\/page"}],"author":[{"embeddable":true,"href":"https:\/\/www.bomsmakine.com\/en\/wp-json\/wp\/v2\/users\/1"}],"replies":[{"embeddable":true,"href":"https:\/\/www.bomsmakine.com\/en\/wp-json\/wp\/v2\/comments?post=9"}],"version-history":[{"count":62,"href":"https:\/\/www.bomsmakine.com\/en\/wp-json\/wp\/v2\/pages\/9\/revisions"}],"predecessor-version":[{"id":4061,"href":"https:\/\/www.bomsmakine.com\/en\/wp-json\/wp\/v2\/pages\/9\/revisions\/4061"}],"wp:attachment":[{"href":"https:\/\/www.bomsmakine.com\/en\/wp-json\/wp\/v2\/media?parent=9"}],"curies":[{"name":"wp","href":"https:\/\/api.w.org\/{rel}","templated":true}]}}